{"id":11,"date":"2019-06-04T15:18:05","date_gmt":"2019-06-04T15:18:05","guid":{"rendered":"http:\/\/tedem.com.mx\/wp\/?page_id=11"},"modified":"2019-08-05T18:25:47","modified_gmt":"2019-08-05T18:25:47","slug":"conocenos","status":"publish","type":"page","link":"https:\/\/tedem.com.mx\/wp\/?page_id=11","title":{"rendered":"CON\u00d3CENOS"},"content":{"rendered":"<div class=\"wpb-content-wrapper\">[vc_row][vc_column width=\u00bb2\/3&#8243;][vc_column_text]\n<p style=\"text-align: justify;\">En Tedem, somos especialistas en telas 100% algod\u00f3n, que a trav\u00e9s de nuestros departamentos de dise\u00f1o, investigaci\u00f3n y desarrollo, hemos respondido a la creaci\u00f3n de innovadoras y vanguardistas telas para los mercados de tapicer\u00eda, decoraci\u00f3n, confecci\u00f3n, calzado, hogar, hoteler\u00eda e industria entre otras.<\/p>\n<p style=\"text-align: justify;\">Nuestra flexibilidad y capacidad de responder con muestras textiles en corto tiempo y a bajo costo, permite a nuestros clientes ser la opci\u00f3n en textiles para el desarrollo de nuevos productos, satisfaciendo las necesidades especificas de nuestros clientes.<\/p>\n<p style=\"text-align: justify;\">En Tedem, nos caracterizamos por brindar productos y servicios de acuerdo a las necesidades espec\u00edficas de nuestros clientes.<\/p>\n<p style=\"text-align: justify;\">Nuestra experiencia, conocimiento del mercado y visi\u00f3n, nos permite anticiparnos a las necesidades del mercado de textiles, nuestro tiempo de respuesta y la maestr\u00eda de las manos mexicanas que trabajamos en Tedem, nos hace ser la mejor opci\u00f3n en telas de algod\u00f3n para nuestros clientes en M\u00e9xico, Estados Unidos, Latinoam\u00e9rica y Europa.<\/p>\n[\/vc_column_text][\/vc_column][vc_column width=\u00bb1\/3&#8243;][vc_single_image image=\u00bb697&#8243;][vc_empty_space][vc_single_image image=\u00bb698&#8243;][\/vc_column][\/vc_row][vc_row][vc_column][vc_column_text]\n<h2>Tienda Centro Hist\u00f3rico<\/h2>\n<p>Abraham Gonz\u00e1lez No. 86<br \/>\nCol. Ju\u00e1rez, Alcald\u00eda Cuauht\u00e9moc,<br \/>\nC.P. 06600<\/p>\n<p>CDMX<br \/>\nTel: +52 55-5566-1212<br \/>\n+52 55-5566-1401<br \/>\nLada sin costo: 01-800-717-4657<br \/>\nFax: +52 55-5546-4380<\/p>\n<p class=\"stickynote\">Mail:\u00a0<a href=\"mailto:info@tedem.com.mx\">info@tedem.com.mx<\/a> , <a href=\"mailto:ventastienda@tedem.com.mx\">ventastienda@tedem.com.mx<\/a><\/p>\n[\/vc_column_text][vc_column_text]\n<h2>Planta Iztapalapa, D.F.<\/h2>\n<p>Tel: +52 55 5426 0178<br \/>\nLada sin Costo: 01 800 216 9881<br \/>\nFax: +52 55 5426-4200<\/p>\n<p class=\"stickynote\">Mail:\u00a0<a href=\"mailto:ventas@tedem.com.mx\">ventas@tedem.com.mx<\/a><\/p>\n[\/vc_column_text][vc_column_text]\n<h2>Oficinas Le\u00f3n, Guanajuato<\/h2>\n<p>Tel. 01 47-7762-4615<br \/>\nContacto:\u00a0Hugo Ju\u00e1rez Acu\u00f1a<\/p>\n<p class=\"stickynote\">Mail:\u00a0<a href=\"mailto:hugojuarez@tedem.com.mx\">hugojuarez@tedem.com.mx<\/a><\/p>\n[\/vc_column_text][\/vc_column][\/vc_row]\n<\/div>","protected":false},"excerpt":{"rendered":"<p>[vc_row][vc_column width=\u00bb2\/3&#8243;][vc_column_text] En Tedem, somos especialistas en telas 100% algod\u00f3n, que a trav\u00e9s de nuestros departamentos de dise\u00f1o, investigaci\u00f3n y desarrollo, hemos respondido a la creaci\u00f3n de innovadoras y vanguardistas telas para los mercados de tapicer\u00eda, decoraci\u00f3n, confecci\u00f3n, calzado, hogar, hoteler\u00eda e industria entre otras. Nuestra flexibilidad y capacidad de responder con muestras textiles en&hellip;<\/p>\n","protected":false},"author":1,"featured_media":0,"parent":0,"menu_order":0,"comment_status":"closed","ping_status":"closed","template":"","meta":{"footnotes":""},"class_list":["post-11","page","type-page","status-publish","hentry","entry","no-media"],"_links":{"self":[{"href":"https:\/\/tedem.com.mx\/wp\/index.php?rest_route=\/wp\/v2\/pages\/11","targetHints":{"allow":["GET"]}}],"collection":[{"href":"https:\/\/tedem.com.mx\/wp\/index.php?rest_route=\/wp\/v2\/pages"}],"about":[{"href":"https:\/\/tedem.com.mx\/wp\/index.php?rest_route=\/wp\/v2\/types\/page"}],"author":[{"embeddable":true,"href":"https:\/\/tedem.com.mx\/wp\/index.php?rest_route=\/wp\/v2\/users\/1"}],"replies":[{"embeddable":true,"href":"https:\/\/tedem.com.mx\/wp\/index.php?rest_route=%2Fwp%2Fv2%2Fcomments&post=11"}],"version-history":[{"count":6,"href":"https:\/\/tedem.com.mx\/wp\/index.php?rest_route=\/wp\/v2\/pages\/11\/revisions"}],"predecessor-version":[{"id":763,"href":"https:\/\/tedem.com.mx\/wp\/index.php?rest_route=\/wp\/v2\/pages\/11\/revisions\/763"}],"wp:attachment":[{"href":"https:\/\/tedem.com.mx\/wp\/index.php?rest_route=%2Fwp%2Fv2%2Fmedia&parent=11"}],"curies":[{"name":"wp","href":"https:\/\/api.w.org\/{rel}","templated":true}]}}