{"id":245,"date":"2019-06-15T00:11:18","date_gmt":"2019-06-15T00:11:18","guid":{"rendered":"http:\/\/tedem.com.mx\/wp\/?post_type=product&#038;p=245"},"modified":"2019-08-05T19:13:39","modified_gmt":"2019-08-05T19:13:39","slug":"loneta-mexico","status":"publish","type":"product","link":"https:\/\/tedem.com.mx\/wp\/?product=loneta-mexico","title":{"rendered":"LONETA LIGERA"},"content":{"rendered":"<div class=\"wpb-content-wrapper\">[vc_row][vc_column width=\u00bb1\/6&#8243;]<div class=\"vcex-module vcex-icon-box vcex-icon-box-two wpex-block wpex-text-center\"><div class=\"vcex-icon-box-symbol vcex-icon-box-symbol--image wpex-mb-20\"><img width=\"67\" height=\"67\" src=\"https:\/\/tedem.com.mx\/wp\/wp-content\/uploads\/2019\/06\/label2.svg\" class=\"vcex-icon-box-image wpex-align-middle\" alt=\"\" loading=\"lazy\" decoding=\"async\" \/><\/div><div class=\"vcex-icon-box-text\"><h2 class=\"vcex-icon-box-heading wpex-heading wpex-text-md wpex-mb-10\">NOMBRE \/ NAME<\/h2><div class=\"vcex-icon-box-content wpex-last-mb-0 wpex-clr\"><p style=\"text-align: center\">Loneta Ligera 1<\/p>\n<\/div><\/div><\/div>[\/vc_column][vc_column width=\u00bb1\/6&#8243;]<div class=\"vcex-module vcex-icon-box vcex-icon-box-two wpex-block wpex-text-center\"><div class=\"vcex-icon-box-symbol vcex-icon-box-symbol--image wpex-mb-20\"><img width=\"67\" height=\"67\" src=\"https:\/\/tedem.com.mx\/wp\/wp-content\/uploads\/2019\/06\/label20.svg\" class=\"vcex-icon-box-image wpex-align-middle\" alt=\"\" loading=\"lazy\" decoding=\"async\" \/><\/div><div class=\"vcex-icon-box-text\"><h2 class=\"vcex-icon-box-heading wpex-heading wpex-text-md wpex-mb-10\">COMPOSICI\u00d3N \/ COMPOSITION<\/h2><div class=\"vcex-icon-box-content wpex-last-mb-0 wpex-clr\"><p style=\"text-align: center\">Algod\u00f3n 100%<br \/>\nCotton 100%<\/p>\n<\/div><\/div><\/div>[\/vc_column][vc_column width=\u00bb1\/6&#8243;]<div class=\"vcex-module vcex-icon-box vcex-icon-box-two wpex-block wpex-text-center\"><div class=\"vcex-icon-box-symbol vcex-icon-box-symbol--image wpex-mb-20\"><img width=\"67\" height=\"67\" src=\"https:\/\/tedem.com.mx\/wp\/wp-content\/uploads\/2019\/06\/label3.svg\" class=\"vcex-icon-box-image wpex-align-middle\" alt=\"\" loading=\"lazy\" decoding=\"async\" \/><\/div><div class=\"vcex-icon-box-text\"><h2 class=\"vcex-icon-box-heading wpex-heading wpex-text-md wpex-mb-10\">ANCHO \/WIDTH<\/h2><div class=\"vcex-icon-box-content wpex-last-mb-0 wpex-clr\"><p style=\"text-align: center\">150 cm<br \/>\n59 inches<\/p>\n<\/div><\/div><\/div>[\/vc_column][vc_column width=\u00bb1\/6&#8243;]<div class=\"vcex-module vcex-icon-box vcex-icon-box-two wpex-block wpex-text-center\"><div class=\"vcex-icon-box-symbol vcex-icon-box-symbol--image wpex-mb-20\"><img width=\"67\" height=\"67\" src=\"https:\/\/tedem.com.mx\/wp\/wp-content\/uploads\/2019\/06\/label4.svg\" class=\"vcex-icon-box-image wpex-align-middle\" alt=\"\" loading=\"lazy\" decoding=\"async\" \/><\/div><div class=\"vcex-icon-box-text\"><h2 class=\"vcex-icon-box-heading wpex-heading wpex-text-md wpex-mb-10\">PESO \/WEIGHT<\/h2><div class=\"vcex-icon-box-content wpex-last-mb-0 wpex-clr\"><p style=\"text-align: center\">250 gm<span style=\"font-size: 9px\">2<\/span><br \/>\n7 oz\/yd<span style=\"font-size: 9px\">2<\/span><\/p>\n<\/div><\/div><\/div>[\/vc_column][vc_column width=\u00bb1\/6&#8243;]<div class=\"vcex-module vcex-icon-box vcex-icon-box-two wpex-block wpex-text-center\"><div class=\"vcex-icon-box-symbol vcex-icon-box-symbol--image wpex-mb-20\"><img width=\"67\" height=\"67\" src=\"https:\/\/tedem.com.mx\/wp\/wp-content\/uploads\/2019\/06\/label5.svg\" class=\"vcex-icon-box-image wpex-align-middle\" alt=\"\" loading=\"lazy\" decoding=\"async\" \/><\/div><div class=\"vcex-icon-box-text\"><h2 class=\"vcex-icon-box-heading wpex-heading wpex-text-md wpex-mb-10\">ACABADO \/ FINISHED<\/h2><div class=\"vcex-icon-box-content wpex-last-mb-0 wpex-clr\"><p style=\"text-align: center\">Colores reactivos\u00a0 \/ Reactive colors<br \/>\nRepelente \/ Repellent<\/p>\n<\/div><\/div><\/div>[\/vc_column][vc_column width=\u00bb1\/6&#8243;]<div class=\"vcex-module vcex-icon-box vcex-icon-box-two wpex-block wpex-text-center\"><div class=\"vcex-icon-box-symbol vcex-icon-box-symbol--image wpex-mb-20\"><img width=\"67\" height=\"67\" src=\"https:\/\/tedem.com.mx\/wp\/wp-content\/uploads\/2019\/06\/label6.svg\" class=\"vcex-icon-box-image wpex-align-middle\" alt=\"\" loading=\"lazy\" decoding=\"async\" \/><\/div><div class=\"vcex-icon-box-text\"><h2 class=\"vcex-icon-box-heading wpex-heading wpex-text-md wpex-mb-10\">CUIDADOS \/<br \/>\nFOR CARE<\/h2><div class=\"vcex-icon-box-content wpex-last-mb-0 wpex-clr\"><p><a href=\"http:\/\/tedem.com.mx\/wp\/wp-content\/uploads\/2019\/06\/label11.svg\"><img loading=\"lazy\" class=\"alignnone wp-image-106 aligncenter\" role=\"img\" src=\"http:\/\/tedem.com.mx\/wp\/wp-content\/uploads\/2019\/06\/label11.svg\" alt=\"\" width=\"92\" height=\"40\" \/><\/a><\/p>\n<\/div><\/div><\/div>[\/vc_column][\/vc_row][vc_row][vc_column][vc_row_inner][vc_column_inner width=\u00bb1\/5&#8243;]<div class=\"vcex-module vcex-icon-box vcex-icon-box-two wpex-block wpex-text-center\"><div class=\"vcex-icon-box-symbol vcex-icon-box-symbol--image wpex-mb-20\"><img width=\"139\" height=\"140\" src=\"https:\/\/tedem.com.mx\/wp\/wp-content\/uploads\/2019\/06\/loneta-02.png\" class=\"vcex-icon-box-image wpex-align-middle\" alt=\"\" loading=\"lazy\" decoding=\"async\" srcset=\"https:\/\/tedem.com.mx\/wp\/wp-content\/uploads\/2019\/06\/loneta-02.png 139w, https:\/\/tedem.com.mx\/wp\/wp-content\/uploads\/2019\/06\/loneta-02-100x100.png 100w\" sizes=\"auto, (max-width: 139px) 100vw, 139px\" \/><\/div><div class=\"vcex-icon-box-text\"><h2 class=\"vcex-icon-box-heading wpex-heading wpex-text-md wpex-mb-10\">511243<\/h2><div class=\"vcex-icon-box-content wpex-last-mb-0 wpex-clr\"><p style=\"text-align: center\">Off White<\/p>\n<\/div><\/div><\/div>[\/vc_column_inner][vc_column_inner width=\u00bb1\/5&#8243;]<div class=\"vcex-module vcex-icon-box vcex-icon-box-two wpex-block wpex-text-center\"><div class=\"vcex-icon-box-symbol vcex-icon-box-symbol--image wpex-mb-20\"><img width=\"139\" height=\"140\" src=\"https:\/\/tedem.com.mx\/wp\/wp-content\/uploads\/2019\/06\/loneta-01.png\" class=\"vcex-icon-box-image wpex-align-middle\" alt=\"\" loading=\"lazy\" decoding=\"async\" srcset=\"https:\/\/tedem.com.mx\/wp\/wp-content\/uploads\/2019\/06\/loneta-01.png 139w, https:\/\/tedem.com.mx\/wp\/wp-content\/uploads\/2019\/06\/loneta-01-100x100.png 100w\" sizes=\"auto, (max-width: 139px) 100vw, 139px\" \/><\/div><div class=\"vcex-icon-box-text\"><h2 class=\"vcex-icon-box-heading wpex-heading wpex-text-md wpex-mb-10\">511237<\/h2><div class=\"vcex-icon-box-content wpex-last-mb-0 wpex-clr\"><p style=\"text-align: center\">Natural<\/p>\n<\/div><\/div><\/div>[\/vc_column_inner][vc_column_inner width=\u00bb1\/5&#8243;]<div class=\"vcex-module vcex-icon-box vcex-icon-box-two wpex-block wpex-text-center\"><div class=\"vcex-icon-box-symbol vcex-icon-box-symbol--image wpex-mb-20\"><img width=\"139\" height=\"140\" src=\"https:\/\/tedem.com.mx\/wp\/wp-content\/uploads\/2019\/06\/loneta-03.png\" class=\"vcex-icon-box-image wpex-align-middle\" alt=\"\" loading=\"lazy\" decoding=\"async\" srcset=\"https:\/\/tedem.com.mx\/wp\/wp-content\/uploads\/2019\/06\/loneta-03.png 139w, https:\/\/tedem.com.mx\/wp\/wp-content\/uploads\/2019\/06\/loneta-03-100x100.png 100w\" sizes=\"auto, (max-width: 139px) 100vw, 139px\" \/><\/div><div class=\"vcex-icon-box-text\"><h2 class=\"vcex-icon-box-heading wpex-heading wpex-text-md wpex-mb-10\">511246<\/h2><div class=\"vcex-icon-box-content wpex-last-mb-0 wpex-clr\"><p style=\"text-align: center\">Bamb\u00fa<\/p>\n<\/div><\/div><\/div>[\/vc_column_inner][vc_column_inner width=\u00bb1\/5&#8243;]<div class=\"vcex-module vcex-icon-box vcex-icon-box-two wpex-block wpex-text-center\"><div class=\"vcex-icon-box-symbol vcex-icon-box-symbol--image wpex-mb-20\"><img width=\"139\" height=\"140\" src=\"https:\/\/tedem.com.mx\/wp\/wp-content\/uploads\/2019\/06\/loneta-04.png\" class=\"vcex-icon-box-image wpex-align-middle\" alt=\"\" loading=\"lazy\" decoding=\"async\" srcset=\"https:\/\/tedem.com.mx\/wp\/wp-content\/uploads\/2019\/06\/loneta-04.png 139w, https:\/\/tedem.com.mx\/wp\/wp-content\/uploads\/2019\/06\/loneta-04-100x100.png 100w\" sizes=\"auto, (max-width: 139px) 100vw, 139px\" \/><\/div><div class=\"vcex-icon-box-text\"><h2 class=\"vcex-icon-box-heading wpex-heading wpex-text-md wpex-mb-10\">511227<\/h2><div class=\"vcex-icon-box-content wpex-last-mb-0 wpex-clr\"><p style=\"text-align: center\">Arenal<\/p>\n<\/div><\/div><\/div>[\/vc_column_inner][vc_column_inner width=\u00bb1\/5&#8243;]<div class=\"vcex-module vcex-icon-box vcex-icon-box-two wpex-block wpex-text-center\"><div class=\"vcex-icon-box-symbol vcex-icon-box-symbol--image wpex-mb-20\"><img width=\"139\" height=\"140\" src=\"https:\/\/tedem.com.mx\/wp\/wp-content\/uploads\/2019\/06\/loneta-05.png\" class=\"vcex-icon-box-image wpex-align-middle\" alt=\"\" loading=\"lazy\" decoding=\"async\" srcset=\"https:\/\/tedem.com.mx\/wp\/wp-content\/uploads\/2019\/06\/loneta-05.png 139w, https:\/\/tedem.com.mx\/wp\/wp-content\/uploads\/2019\/06\/loneta-05-100x100.png 100w\" sizes=\"auto, (max-width: 139px) 100vw, 139px\" \/><\/div><div class=\"vcex-icon-box-text\"><h2 class=\"vcex-icon-box-heading wpex-heading wpex-text-md wpex-mb-10\">511230<\/h2><div class=\"vcex-icon-box-content wpex-last-mb-0 wpex-clr\"><p style=\"text-align: center\">Kaki<\/p>\n<\/div><\/div><\/div>[\/vc_column_inner][\/vc_row_inner][vc_row_inner][vc_column_inner width=\u00bb1\/5&#8243;]<div class=\"vcex-module vcex-icon-box vcex-icon-box-two wpex-block wpex-text-center\"><div class=\"vcex-icon-box-symbol vcex-icon-box-symbol--image wpex-mb-20\"><img width=\"139\" height=\"140\" src=\"https:\/\/tedem.com.mx\/wp\/wp-content\/uploads\/2019\/06\/loneta-06.png\" class=\"vcex-icon-box-image wpex-align-middle\" alt=\"\" loading=\"lazy\" decoding=\"async\" srcset=\"https:\/\/tedem.com.mx\/wp\/wp-content\/uploads\/2019\/06\/loneta-06.png 139w, https:\/\/tedem.com.mx\/wp\/wp-content\/uploads\/2019\/06\/loneta-06-100x100.png 100w\" sizes=\"auto, (max-width: 139px) 100vw, 139px\" \/><\/div><div class=\"vcex-icon-box-text\"><h2 class=\"vcex-icon-box-heading wpex-heading wpex-text-md wpex-mb-10\">511228<\/h2><div class=\"vcex-icon-box-content wpex-last-mb-0 wpex-clr\"><p style=\"text-align: center\">Cocoa<\/p>\n<\/div><\/div><\/div>[\/vc_column_inner][vc_column_inner width=\u00bb1\/5&#8243;]<div class=\"vcex-module vcex-icon-box vcex-icon-box-two wpex-block wpex-text-center\"><div class=\"vcex-icon-box-symbol vcex-icon-box-symbol--image wpex-mb-20\"><img width=\"139\" height=\"140\" src=\"https:\/\/tedem.com.mx\/wp\/wp-content\/uploads\/2019\/06\/loneta-07.png\" class=\"vcex-icon-box-image wpex-align-middle\" alt=\"\" loading=\"lazy\" decoding=\"async\" srcset=\"https:\/\/tedem.com.mx\/wp\/wp-content\/uploads\/2019\/06\/loneta-07.png 139w, https:\/\/tedem.com.mx\/wp\/wp-content\/uploads\/2019\/06\/loneta-07-100x100.png 100w\" sizes=\"auto, (max-width: 139px) 100vw, 139px\" \/><\/div><div class=\"vcex-icon-box-text\"><h2 class=\"vcex-icon-box-heading wpex-heading wpex-text-md wpex-mb-10\">511251<\/h2><div class=\"vcex-icon-box-content wpex-last-mb-0 wpex-clr\"><p style=\"text-align: center\">Frambuesa<\/p>\n<\/div><\/div><\/div>[\/vc_column_inner][vc_column_inner width=\u00bb1\/5&#8243;]<div class=\"vcex-module vcex-icon-box vcex-icon-box-two wpex-block wpex-text-center\"><div class=\"vcex-icon-box-symbol vcex-icon-box-symbol--image wpex-mb-20\"><img width=\"139\" height=\"140\" src=\"https:\/\/tedem.com.mx\/wp\/wp-content\/uploads\/2019\/06\/loneta-08.png\" class=\"vcex-icon-box-image wpex-align-middle\" alt=\"\" loading=\"lazy\" decoding=\"async\" srcset=\"https:\/\/tedem.com.mx\/wp\/wp-content\/uploads\/2019\/06\/loneta-08.png 139w, https:\/\/tedem.com.mx\/wp\/wp-content\/uploads\/2019\/06\/loneta-08-100x100.png 100w, https:\/\/tedem.com.mx\/wp\/wp-content\/uploads\/2019\/06\/loneta-08-125x125.png 125w\" sizes=\"auto, (max-width: 139px) 100vw, 139px\" \/><\/div><div class=\"vcex-icon-box-text\"><h2 class=\"vcex-icon-box-heading wpex-heading wpex-text-md wpex-mb-10\">511284<\/h2><div class=\"vcex-icon-box-content wpex-last-mb-0 wpex-clr\"><p style=\"text-align: center\">Brique<\/p>\n<\/div><\/div><\/div>[\/vc_column_inner][vc_column_inner width=\u00bb1\/5&#8243;]<div class=\"vcex-module vcex-icon-box vcex-icon-box-two wpex-block wpex-text-center\"><div class=\"vcex-icon-box-symbol vcex-icon-box-symbol--image wpex-mb-20\"><img width=\"139\" height=\"140\" src=\"https:\/\/tedem.com.mx\/wp\/wp-content\/uploads\/2019\/06\/loneta-09.png\" class=\"vcex-icon-box-image wpex-align-middle\" alt=\"\" loading=\"lazy\" decoding=\"async\" srcset=\"https:\/\/tedem.com.mx\/wp\/wp-content\/uploads\/2019\/06\/loneta-09.png 139w, https:\/\/tedem.com.mx\/wp\/wp-content\/uploads\/2019\/06\/loneta-09-100x100.png 100w\" sizes=\"auto, (max-width: 139px) 100vw, 139px\" \/><\/div><div class=\"vcex-icon-box-text\"><h2 class=\"vcex-icon-box-heading wpex-heading wpex-text-md wpex-mb-10\">511245<\/h2><div class=\"vcex-icon-box-content wpex-last-mb-0 wpex-clr\"><p style=\"text-align: center\">Curry<\/p>\n<\/div><\/div><\/div>[\/vc_column_inner][vc_column_inner width=\u00bb1\/5&#8243;]<div class=\"vcex-module vcex-icon-box vcex-icon-box-two wpex-block wpex-text-center\"><div class=\"vcex-icon-box-symbol vcex-icon-box-symbol--image wpex-mb-20\"><img width=\"139\" height=\"140\" src=\"https:\/\/tedem.com.mx\/wp\/wp-content\/uploads\/2019\/06\/loneta-10.png\" class=\"vcex-icon-box-image wpex-align-middle\" alt=\"\" loading=\"lazy\" decoding=\"async\" srcset=\"https:\/\/tedem.com.mx\/wp\/wp-content\/uploads\/2019\/06\/loneta-10.png 139w, https:\/\/tedem.com.mx\/wp\/wp-content\/uploads\/2019\/06\/loneta-10-100x100.png 100w\" sizes=\"auto, (max-width: 139px) 100vw, 139px\" \/><\/div><div class=\"vcex-icon-box-text\"><h2 class=\"vcex-icon-box-heading wpex-heading wpex-text-md wpex-mb-10\">511226<\/h2><div class=\"vcex-icon-box-content wpex-last-mb-0 wpex-clr\"><p style=\"text-align: center\">Trigo<\/p>\n<\/div><\/div><\/div>[\/vc_column_inner][\/vc_row_inner][vc_row_inner][vc_column_inner width=\u00bb1\/5&#8243;]<div class=\"vcex-module vcex-icon-box vcex-icon-box-two wpex-block wpex-text-center\"><div class=\"vcex-icon-box-symbol vcex-icon-box-symbol--image wpex-mb-20\"><img width=\"139\" height=\"140\" src=\"https:\/\/tedem.com.mx\/wp\/wp-content\/uploads\/2019\/06\/loneta-11.png\" class=\"vcex-icon-box-image wpex-align-middle\" alt=\"\" loading=\"lazy\" decoding=\"async\" srcset=\"https:\/\/tedem.com.mx\/wp\/wp-content\/uploads\/2019\/06\/loneta-11.png 139w, https:\/\/tedem.com.mx\/wp\/wp-content\/uploads\/2019\/06\/loneta-11-100x100.png 100w\" sizes=\"auto, (max-width: 139px) 100vw, 139px\" \/><\/div><div class=\"vcex-icon-box-text\"><h2 class=\"vcex-icon-box-heading wpex-heading wpex-text-md wpex-mb-10\">511248<\/h2><div class=\"vcex-icon-box-content wpex-last-mb-0 wpex-clr\"><p style=\"text-align: center\">Citrus<\/p>\n<\/div><\/div><\/div>[\/vc_column_inner][vc_column_inner width=\u00bb1\/5&#8243;]<div class=\"vcex-module vcex-icon-box vcex-icon-box-two wpex-block wpex-text-center\"><div class=\"vcex-icon-box-symbol vcex-icon-box-symbol--image wpex-mb-20\"><img width=\"139\" height=\"140\" src=\"https:\/\/tedem.com.mx\/wp\/wp-content\/uploads\/2019\/06\/loneta-12.png\" class=\"vcex-icon-box-image wpex-align-middle\" alt=\"\" loading=\"lazy\" decoding=\"async\" srcset=\"https:\/\/tedem.com.mx\/wp\/wp-content\/uploads\/2019\/06\/loneta-12.png 139w, https:\/\/tedem.com.mx\/wp\/wp-content\/uploads\/2019\/06\/loneta-12-100x100.png 100w\" sizes=\"auto, (max-width: 139px) 100vw, 139px\" \/><\/div><div class=\"vcex-icon-box-text\"><h2 class=\"vcex-icon-box-heading wpex-heading wpex-text-md wpex-mb-10\">511249<\/h2><div class=\"vcex-icon-box-content wpex-last-mb-0 wpex-clr\"><p style=\"text-align: center\">Kiwi<\/p>\n<\/div><\/div><\/div>[\/vc_column_inner][vc_column_inner width=\u00bb1\/5&#8243;]<div class=\"vcex-module vcex-icon-box vcex-icon-box-two wpex-block wpex-text-center\"><div class=\"vcex-icon-box-symbol vcex-icon-box-symbol--image wpex-mb-20\"><img width=\"139\" height=\"140\" src=\"https:\/\/tedem.com.mx\/wp\/wp-content\/uploads\/2019\/06\/loneta-13.png\" class=\"vcex-icon-box-image wpex-align-middle\" alt=\"\" loading=\"lazy\" decoding=\"async\" srcset=\"https:\/\/tedem.com.mx\/wp\/wp-content\/uploads\/2019\/06\/loneta-13.png 139w, https:\/\/tedem.com.mx\/wp\/wp-content\/uploads\/2019\/06\/loneta-13-100x100.png 100w\" sizes=\"auto, (max-width: 139px) 100vw, 139px\" \/><\/div><div class=\"vcex-icon-box-text\"><h2 class=\"vcex-icon-box-heading wpex-heading wpex-text-md wpex-mb-10\">511233<\/h2><div class=\"vcex-icon-box-content wpex-last-mb-0 wpex-clr\"><p style=\"text-align: center\">Mediterr\u00e1neo<\/p>\n<\/div><\/div><\/div>[\/vc_column_inner][vc_column_inner width=\u00bb1\/5&#8243;]<div class=\"vcex-module vcex-icon-box vcex-icon-box-two wpex-block wpex-text-center\"><div class=\"vcex-icon-box-symbol vcex-icon-box-symbol--image wpex-mb-20\"><img width=\"139\" height=\"140\" src=\"https:\/\/tedem.com.mx\/wp\/wp-content\/uploads\/2019\/06\/loneta-14.png\" class=\"vcex-icon-box-image wpex-align-middle\" alt=\"\" loading=\"lazy\" decoding=\"async\" srcset=\"https:\/\/tedem.com.mx\/wp\/wp-content\/uploads\/2019\/06\/loneta-14.png 139w, https:\/\/tedem.com.mx\/wp\/wp-content\/uploads\/2019\/06\/loneta-14-100x100.png 100w\" sizes=\"auto, (max-width: 139px) 100vw, 139px\" \/><\/div><div class=\"vcex-icon-box-text\"><h2 class=\"vcex-icon-box-heading wpex-heading wpex-text-md wpex-mb-10\">511229<\/h2><div class=\"vcex-icon-box-content wpex-last-mb-0 wpex-clr\"><p style=\"text-align: center\">Azul rey<\/p>\n<\/div><\/div><\/div>[\/vc_column_inner][vc_column_inner width=\u00bb1\/5&#8243;]<div class=\"vcex-module vcex-icon-box vcex-icon-box-two wpex-block wpex-text-center\"><div class=\"vcex-icon-box-symbol vcex-icon-box-symbol--image wpex-mb-20\"><img width=\"139\" height=\"140\" src=\"https:\/\/tedem.com.mx\/wp\/wp-content\/uploads\/2019\/06\/loneta-15.png\" class=\"vcex-icon-box-image wpex-align-middle\" alt=\"\" loading=\"lazy\" decoding=\"async\" srcset=\"https:\/\/tedem.com.mx\/wp\/wp-content\/uploads\/2019\/06\/loneta-15.png 139w, https:\/\/tedem.com.mx\/wp\/wp-content\/uploads\/2019\/06\/loneta-15-100x100.png 100w\" sizes=\"auto, (max-width: 139px) 100vw, 139px\" \/><\/div><div class=\"vcex-icon-box-text\"><h2 class=\"vcex-icon-box-heading wpex-heading wpex-text-md wpex-mb-10\">511236<\/h2><div class=\"vcex-icon-box-content wpex-last-mb-0 wpex-clr\"><p style=\"text-align: center\">Marino<\/p>\n<\/div><\/div><\/div>[\/vc_column_inner][\/vc_row_inner][vc_row_inner][vc_column_inner width=\u00bb1\/5&#8243;]<div class=\"vcex-module vcex-icon-box vcex-icon-box-two wpex-block wpex-text-center\"><div class=\"vcex-icon-box-symbol vcex-icon-box-symbol--image wpex-mb-20\"><img width=\"139\" height=\"140\" src=\"https:\/\/tedem.com.mx\/wp\/wp-content\/uploads\/2019\/06\/loneta-16.png\" class=\"vcex-icon-box-image wpex-align-middle\" alt=\"\" loading=\"lazy\" decoding=\"async\" srcset=\"https:\/\/tedem.com.mx\/wp\/wp-content\/uploads\/2019\/06\/loneta-16.png 139w, https:\/\/tedem.com.mx\/wp\/wp-content\/uploads\/2019\/06\/loneta-16-100x100.png 100w\" sizes=\"auto, (max-width: 139px) 100vw, 139px\" \/><\/div><div class=\"vcex-icon-box-text\"><h2 class=\"vcex-icon-box-heading wpex-heading wpex-text-md wpex-mb-10\">511232<\/h2><div class=\"vcex-icon-box-content wpex-last-mb-0 wpex-clr\"><p style=\"text-align: center\">Oliva<\/p>\n<\/div><\/div><\/div>[\/vc_column_inner][vc_column_inner width=\u00bb1\/5&#8243;]<div class=\"vcex-module vcex-icon-box vcex-icon-box-two wpex-block wpex-text-center\"><div class=\"vcex-icon-box-symbol vcex-icon-box-symbol--image wpex-mb-20\"><img width=\"139\" height=\"140\" src=\"https:\/\/tedem.com.mx\/wp\/wp-content\/uploads\/2019\/06\/loneta-17.png\" class=\"vcex-icon-box-image wpex-align-middle\" alt=\"\" loading=\"lazy\" decoding=\"async\" srcset=\"https:\/\/tedem.com.mx\/wp\/wp-content\/uploads\/2019\/06\/loneta-17.png 139w, https:\/\/tedem.com.mx\/wp\/wp-content\/uploads\/2019\/06\/loneta-17-100x100.png 100w\" sizes=\"auto, (max-width: 139px) 100vw, 139px\" \/><\/div><div class=\"vcex-icon-box-text\"><h2 class=\"vcex-icon-box-heading wpex-heading wpex-text-md wpex-mb-10\">511231<\/h2><div class=\"vcex-icon-box-content wpex-last-mb-0 wpex-clr\"><p style=\"text-align: center\">Humo<\/p>\n<\/div><\/div><\/div>[\/vc_column_inner][vc_column_inner width=\u00bb1\/5&#8243;]<div class=\"vcex-module vcex-icon-box vcex-icon-box-two wpex-block wpex-text-center\"><div class=\"vcex-icon-box-symbol vcex-icon-box-symbol--image wpex-mb-20\"><img width=\"139\" height=\"140\" src=\"https:\/\/tedem.com.mx\/wp\/wp-content\/uploads\/2019\/06\/loneta-18.png\" class=\"vcex-icon-box-image wpex-align-middle\" alt=\"\" loading=\"lazy\" decoding=\"async\" srcset=\"https:\/\/tedem.com.mx\/wp\/wp-content\/uploads\/2019\/06\/loneta-18.png 139w, https:\/\/tedem.com.mx\/wp\/wp-content\/uploads\/2019\/06\/loneta-18-100x100.png 100w\" sizes=\"auto, (max-width: 139px) 100vw, 139px\" \/><\/div><div class=\"vcex-icon-box-text\"><h2 class=\"vcex-icon-box-heading wpex-heading wpex-text-md wpex-mb-10\">511242<\/h2><div class=\"vcex-icon-box-content wpex-last-mb-0 wpex-clr\"><p style=\"text-align: center\">Acero<\/p>\n<\/div><\/div><\/div>[\/vc_column_inner][vc_column_inner width=\u00bb1\/5&#8243;][\/vc_column_inner][vc_column_inner width=\u00bb1\/5&#8243;][\/vc_column_inner][\/vc_row_inner][\/vc_column][\/vc_row][vc_row][vc_column][\/vc_column][\/vc_row]\n<\/div>","protected":false},"excerpt":{"rendered":"<p style=\"text-align: left;\">Telas resistentes, vers\u00e1tiles, t\u00e9rmicas, de fibra natural, capaces de transformarse en productos de calidad \u00fanica proporcionando una textura ligeramente afelpada.<\/p>\n","protected":false},"featured_media":203,"comment_status":"closed","ping_status":"closed","template":"","meta":[],"product_brand":[],"product_cat":[20],"product_tag":[],"class_list":{"0":"post-245","1":"product","2":"type-product","3":"status-publish","4":"has-post-thumbnail","6":"product_cat-loneta-ligera","7":"entry","8":"has-media","10":"first","11":"instock","12":"shipping-taxable","13":"product-type-simple"},"_links":{"self":[{"href":"https:\/\/tedem.com.mx\/wp\/index.php?rest_route=\/wp\/v2\/product\/245","targetHints":{"allow":["GET"]}}],"collection":[{"href":"https:\/\/tedem.com.mx\/wp\/index.php?rest_route=\/wp\/v2\/product"}],"about":[{"href":"https:\/\/tedem.com.mx\/wp\/index.php?rest_route=\/wp\/v2\/types\/product"}],"replies":[{"embeddable":true,"href":"https:\/\/tedem.com.mx\/wp\/index.php?rest_route=%2Fwp%2Fv2%2Fcomments&post=245"}],"wp:featuredmedia":[{"embeddable":true,"href":"https:\/\/tedem.com.mx\/wp\/index.php?rest_route=\/wp\/v2\/media\/203"}],"wp:attachment":[{"href":"https:\/\/tedem.com.mx\/wp\/index.php?rest_route=%2Fwp%2Fv2%2Fmedia&parent=245"}],"wp:term":[{"taxonomy":"product_brand","embeddable":true,"href":"https:\/\/tedem.com.mx\/wp\/index.php?rest_route=%2Fwp%2Fv2%2Fproduct_brand&post=245"},{"taxonomy":"product_cat","embeddable":true,"href":"https:\/\/tedem.com.mx\/wp\/index.php?rest_route=%2Fwp%2Fv2%2Fproduct_cat&post=245"},{"taxonomy":"product_tag","embeddable":true,"href":"https:\/\/tedem.com.mx\/wp\/index.php?rest_route=%2Fwp%2Fv2%2Fproduct_tag&post=245"}],"curies":[{"name":"wp","href":"https:\/\/api.w.org\/{rel}","templated":true}]}}