{"id":370,"date":"2019-06-18T01:22:48","date_gmt":"2019-06-18T01:22:48","guid":{"rendered":"http:\/\/tedem.com.mx\/wp\/?post_type=product&#038;p=370"},"modified":"2019-08-05T19:01:20","modified_gmt":"2019-08-05T19:01:20","slug":"frank","status":"publish","type":"product","link":"https:\/\/tedem.com.mx\/wp\/?product=frank","title":{"rendered":"FRANK"},"content":{"rendered":"<div class=\"wpb-content-wrapper\">[vc_row][vc_column width=\u00bb1\/6&#8243;]<div class=\"vcex-module vcex-icon-box vcex-icon-box-two wpex-block wpex-text-center\"><div class=\"vcex-icon-box-symbol vcex-icon-box-symbol--image wpex-mb-20\"><img width=\"67\" height=\"67\" src=\"https:\/\/tedem.com.mx\/wp\/wp-content\/uploads\/2019\/06\/label2.svg\" class=\"vcex-icon-box-image wpex-align-middle\" alt=\"\" loading=\"lazy\" decoding=\"async\" \/><\/div><div class=\"vcex-icon-box-text\"><h2 class=\"vcex-icon-box-heading wpex-heading wpex-text-md wpex-mb-10\">NOMBRE \/ NAME<\/h2><div class=\"vcex-icon-box-content wpex-last-mb-0 wpex-clr\"><p style=\"text-align: center\">Frank<\/p>\n<\/div><\/div><\/div>[\/vc_column][vc_column width=\u00bb1\/6&#8243;]<div class=\"vcex-module vcex-icon-box vcex-icon-box-two wpex-block wpex-text-center\"><div class=\"vcex-icon-box-symbol vcex-icon-box-symbol--image wpex-mb-20\"><img width=\"67\" height=\"67\" src=\"https:\/\/tedem.com.mx\/wp\/wp-content\/uploads\/2019\/06\/label20.svg\" class=\"vcex-icon-box-image wpex-align-middle\" alt=\"\" loading=\"lazy\" decoding=\"async\" \/><\/div><div class=\"vcex-icon-box-text\"><h2 class=\"vcex-icon-box-heading wpex-heading wpex-text-md wpex-mb-10\">COMPOSICI\u00d3N \/ COMPOSITION<\/h2><div class=\"vcex-icon-box-content wpex-last-mb-0 wpex-clr\"><p style=\"text-align: center\">Algod\u00f3n 100%<br \/>\nCotton 100%<\/p>\n<\/div><\/div><\/div>[\/vc_column][vc_column width=\u00bb1\/6&#8243;]<div class=\"vcex-module vcex-icon-box vcex-icon-box-two wpex-block wpex-text-center\"><div class=\"vcex-icon-box-symbol vcex-icon-box-symbol--image wpex-mb-20\"><img width=\"67\" height=\"67\" src=\"https:\/\/tedem.com.mx\/wp\/wp-content\/uploads\/2019\/06\/label3.svg\" class=\"vcex-icon-box-image wpex-align-middle\" alt=\"\" loading=\"lazy\" decoding=\"async\" \/><\/div><div class=\"vcex-icon-box-text\"><h2 class=\"vcex-icon-box-heading wpex-heading wpex-text-md wpex-mb-10\">ANCHO \/<br \/>\nWIDTH<\/h2><div class=\"vcex-icon-box-content wpex-last-mb-0 wpex-clr\"><p style=\"text-align: center\">140 cm<br \/>\n55 inches<\/p>\n<\/div><\/div><\/div>[\/vc_column][vc_column width=\u00bb1\/6&#8243;]<div class=\"vcex-module vcex-icon-box vcex-icon-box-two wpex-block wpex-text-center\"><div class=\"vcex-icon-box-symbol vcex-icon-box-symbol--image wpex-mb-20\"><img width=\"67\" height=\"67\" src=\"https:\/\/tedem.com.mx\/wp\/wp-content\/uploads\/2019\/06\/label4.svg\" class=\"vcex-icon-box-image wpex-align-middle\" alt=\"\" loading=\"lazy\" decoding=\"async\" \/><\/div><div class=\"vcex-icon-box-text\"><h2 class=\"vcex-icon-box-heading wpex-heading wpex-text-md wpex-mb-10\">PESO \/<br \/>\nWEIGHT<\/h2><div class=\"vcex-icon-box-content wpex-last-mb-0 wpex-clr\"><p style=\"text-align: center\">331 gm<span style=\"font-size: 9px\">2<\/span><br \/>\n10 oz\/yd<span style=\"font-size: 9px\">2<\/span><\/p>\n<\/div><\/div><\/div>[\/vc_column][vc_column width=\u00bb1\/6&#8243;]<div class=\"vcex-module vcex-icon-box vcex-icon-box-two wpex-block wpex-text-center\"><div class=\"vcex-icon-box-symbol vcex-icon-box-symbol--image wpex-mb-20\"><img width=\"67\" height=\"67\" src=\"https:\/\/tedem.com.mx\/wp\/wp-content\/uploads\/2019\/06\/label5.svg\" class=\"vcex-icon-box-image wpex-align-middle\" alt=\"\" loading=\"lazy\" decoding=\"async\" \/><\/div><div class=\"vcex-icon-box-text\"><h2 class=\"vcex-icon-box-heading wpex-heading wpex-text-md wpex-mb-10\">ACABADO \/ FINISHED<\/h2><div class=\"vcex-icon-box-content wpex-last-mb-0 wpex-clr\"><p style=\"text-align: center\">Colores reactivos\u00a0 \/ Reactive colors<br \/>\nRepelente \/ Repellent<\/p>\n<\/div><\/div><\/div>[\/vc_column][vc_column width=\u00bb1\/6&#8243;]<div class=\"vcex-module vcex-icon-box vcex-icon-box-two wpex-block wpex-text-center\"><div class=\"vcex-icon-box-symbol vcex-icon-box-symbol--image wpex-mb-20\"><img width=\"67\" height=\"67\" src=\"https:\/\/tedem.com.mx\/wp\/wp-content\/uploads\/2019\/06\/label6.svg\" class=\"vcex-icon-box-image wpex-align-middle\" alt=\"\" loading=\"lazy\" decoding=\"async\" \/><\/div><div class=\"vcex-icon-box-text\"><h2 class=\"vcex-icon-box-heading wpex-heading wpex-text-md wpex-mb-10\">CUIDADOS \/<br \/>\nFOR CARE<\/h2><div class=\"vcex-icon-box-content wpex-last-mb-0 wpex-clr\"><p><a href=\"http:\/\/tedem.com.mx\/wp\/wp-content\/uploads\/2019\/06\/label11.svg\"><img loading=\"lazy\" class=\"alignnone wp-image-106 aligncenter\" role=\"img\" src=\"http:\/\/tedem.com.mx\/wp\/wp-content\/uploads\/2019\/06\/label11.svg\" alt=\"\" width=\"92\" height=\"40\" \/><\/a><\/p>\n<\/div><\/div><\/div>[\/vc_column][\/vc_row][vc_row][vc_column][vc_row_inner][vc_column_inner width=\u00bb1\/5&#8243;]<div class=\"vcex-module vcex-icon-box vcex-icon-box-two wpex-block wpex-text-center\"><div class=\"vcex-icon-box-symbol vcex-icon-box-symbol--image wpex-mb-20\"><img width=\"139\" height=\"140\" src=\"https:\/\/tedem.com.mx\/wp\/wp-content\/uploads\/2019\/06\/frank-01.png\" class=\"vcex-icon-box-image wpex-align-middle\" alt=\"\" loading=\"lazy\" decoding=\"async\" srcset=\"https:\/\/tedem.com.mx\/wp\/wp-content\/uploads\/2019\/06\/frank-01.png 139w, https:\/\/tedem.com.mx\/wp\/wp-content\/uploads\/2019\/06\/frank-01-100x100.png 100w\" sizes=\"auto, (max-width: 139px) 100vw, 139px\" \/><\/div><div class=\"vcex-icon-box-text\"><h2 class=\"vcex-icon-box-heading wpex-heading wpex-text-md wpex-mb-10\">609032<\/h2><div class=\"vcex-icon-box-content wpex-last-mb-0 wpex-clr\"><p style=\"text-align: center\">Blanco<\/p>\n<\/div><\/div><\/div>[\/vc_column_inner][vc_column_inner width=\u00bb1\/5&#8243;]<div class=\"vcex-module vcex-icon-box vcex-icon-box-two wpex-block wpex-text-center\"><div class=\"vcex-icon-box-symbol vcex-icon-box-symbol--image wpex-mb-20\"><img width=\"139\" height=\"140\" src=\"https:\/\/tedem.com.mx\/wp\/wp-content\/uploads\/2019\/06\/frank-02.png\" class=\"vcex-icon-box-image wpex-align-middle\" alt=\"\" loading=\"lazy\" decoding=\"async\" srcset=\"https:\/\/tedem.com.mx\/wp\/wp-content\/uploads\/2019\/06\/frank-02.png 139w, https:\/\/tedem.com.mx\/wp\/wp-content\/uploads\/2019\/06\/frank-02-100x100.png 100w\" sizes=\"auto, (max-width: 139px) 100vw, 139px\" \/><\/div><div class=\"vcex-icon-box-text\"><h2 class=\"vcex-icon-box-heading wpex-heading wpex-text-md wpex-mb-10\">609024<\/h2><div class=\"vcex-icon-box-content wpex-last-mb-0 wpex-clr\"><p style=\"text-align: center\">Arena<\/p>\n<\/div><\/div><\/div>[\/vc_column_inner][vc_column_inner width=\u00bb1\/5&#8243;]<div class=\"vcex-module vcex-icon-box vcex-icon-box-two wpex-block wpex-text-center\"><div class=\"vcex-icon-box-symbol vcex-icon-box-symbol--image wpex-mb-20\"><img width=\"139\" height=\"140\" src=\"https:\/\/tedem.com.mx\/wp\/wp-content\/uploads\/2019\/06\/frank-03.png\" class=\"vcex-icon-box-image wpex-align-middle\" alt=\"\" loading=\"lazy\" decoding=\"async\" srcset=\"https:\/\/tedem.com.mx\/wp\/wp-content\/uploads\/2019\/06\/frank-03.png 139w, https:\/\/tedem.com.mx\/wp\/wp-content\/uploads\/2019\/06\/frank-03-100x100.png 100w\" sizes=\"auto, (max-width: 139px) 100vw, 139px\" \/><\/div><div class=\"vcex-icon-box-text\"><h2 class=\"vcex-icon-box-heading wpex-heading wpex-text-md wpex-mb-10\">609023<\/h2><div class=\"vcex-icon-box-content wpex-last-mb-0 wpex-clr\"><p style=\"text-align: center\">Natural<\/p>\n<\/div><\/div><\/div>[\/vc_column_inner][vc_column_inner width=\u00bb1\/5&#8243;]<div class=\"vcex-module vcex-icon-box vcex-icon-box-two wpex-block wpex-text-center\"><div class=\"vcex-icon-box-symbol vcex-icon-box-symbol--image wpex-mb-20\"><img width=\"139\" height=\"140\" src=\"https:\/\/tedem.com.mx\/wp\/wp-content\/uploads\/2019\/06\/frank-04.png\" class=\"vcex-icon-box-image wpex-align-middle\" alt=\"\" loading=\"lazy\" decoding=\"async\" srcset=\"https:\/\/tedem.com.mx\/wp\/wp-content\/uploads\/2019\/06\/frank-04.png 139w, https:\/\/tedem.com.mx\/wp\/wp-content\/uploads\/2019\/06\/frank-04-100x100.png 100w\" sizes=\"auto, (max-width: 139px) 100vw, 139px\" \/><\/div><div class=\"vcex-icon-box-text\"><h2 class=\"vcex-icon-box-heading wpex-heading wpex-text-md wpex-mb-10\">609025<\/h2><div class=\"vcex-icon-box-content wpex-last-mb-0 wpex-clr\"><p style=\"text-align: center\">Mostaza<\/p>\n<\/div><\/div><\/div>[\/vc_column_inner][vc_column_inner width=\u00bb1\/5&#8243;]<div class=\"vcex-module vcex-icon-box vcex-icon-box-two wpex-block wpex-text-center\"><div class=\"vcex-icon-box-symbol vcex-icon-box-symbol--image wpex-mb-20\"><img width=\"139\" height=\"140\" src=\"https:\/\/tedem.com.mx\/wp\/wp-content\/uploads\/2019\/06\/frank-05.png\" class=\"vcex-icon-box-image wpex-align-middle\" alt=\"\" loading=\"lazy\" decoding=\"async\" srcset=\"https:\/\/tedem.com.mx\/wp\/wp-content\/uploads\/2019\/06\/frank-05.png 139w, https:\/\/tedem.com.mx\/wp\/wp-content\/uploads\/2019\/06\/frank-05-100x100.png 100w\" sizes=\"auto, (max-width: 139px) 100vw, 139px\" \/><\/div><div class=\"vcex-icon-box-text\"><h2 class=\"vcex-icon-box-heading wpex-heading wpex-text-md wpex-mb-10\">609021<\/h2><div class=\"vcex-icon-box-content wpex-last-mb-0 wpex-clr\"><p style=\"text-align: center\">Verano<\/p>\n<\/div><\/div><\/div>[\/vc_column_inner][\/vc_row_inner][vc_row_inner][vc_column_inner width=\u00bb1\/5&#8243;]<div class=\"vcex-module vcex-icon-box vcex-icon-box-two wpex-block wpex-text-center\"><div class=\"vcex-icon-box-symbol vcex-icon-box-symbol--image wpex-mb-20\"><img width=\"139\" height=\"140\" src=\"https:\/\/tedem.com.mx\/wp\/wp-content\/uploads\/2019\/06\/frank-06.png\" class=\"vcex-icon-box-image wpex-align-middle\" alt=\"\" loading=\"lazy\" decoding=\"async\" srcset=\"https:\/\/tedem.com.mx\/wp\/wp-content\/uploads\/2019\/06\/frank-06.png 139w, https:\/\/tedem.com.mx\/wp\/wp-content\/uploads\/2019\/06\/frank-06-100x100.png 100w\" sizes=\"auto, (max-width: 139px) 100vw, 139px\" \/><\/div><div class=\"vcex-icon-box-text\"><h2 class=\"vcex-icon-box-heading wpex-heading wpex-text-md wpex-mb-10\">609026<\/h2><div class=\"vcex-icon-box-content wpex-last-mb-0 wpex-clr\"><p style=\"text-align: center\">Petrol<\/p>\n<\/div><\/div><\/div>[\/vc_column_inner][vc_column_inner width=\u00bb1\/5&#8243;]<div class=\"vcex-module vcex-icon-box vcex-icon-box-two wpex-block wpex-text-center\"><div class=\"vcex-icon-box-symbol vcex-icon-box-symbol--image wpex-mb-20\"><img width=\"139\" height=\"140\" src=\"https:\/\/tedem.com.mx\/wp\/wp-content\/uploads\/2019\/06\/frank-07.png\" class=\"vcex-icon-box-image wpex-align-middle\" alt=\"\" loading=\"lazy\" decoding=\"async\" srcset=\"https:\/\/tedem.com.mx\/wp\/wp-content\/uploads\/2019\/06\/frank-07.png 139w, https:\/\/tedem.com.mx\/wp\/wp-content\/uploads\/2019\/06\/frank-07-100x100.png 100w\" sizes=\"auto, (max-width: 139px) 100vw, 139px\" \/><\/div><div class=\"vcex-icon-box-text\"><h2 class=\"vcex-icon-box-heading wpex-heading wpex-text-md wpex-mb-10\">609018<\/h2><div class=\"vcex-icon-box-content wpex-last-mb-0 wpex-clr\"><p style=\"text-align: center\">Turquesa<\/p>\n<\/div><\/div><\/div>[\/vc_column_inner][vc_column_inner width=\u00bb1\/5&#8243;]<div class=\"vcex-module vcex-icon-box vcex-icon-box-two wpex-block wpex-text-center\"><div class=\"vcex-icon-box-symbol vcex-icon-box-symbol--image wpex-mb-20\"><img width=\"139\" height=\"140\" src=\"https:\/\/tedem.com.mx\/wp\/wp-content\/uploads\/2019\/06\/frank-08.png\" class=\"vcex-icon-box-image wpex-align-middle\" alt=\"\" loading=\"lazy\" decoding=\"async\" srcset=\"https:\/\/tedem.com.mx\/wp\/wp-content\/uploads\/2019\/06\/frank-08.png 139w, https:\/\/tedem.com.mx\/wp\/wp-content\/uploads\/2019\/06\/frank-08-100x100.png 100w, https:\/\/tedem.com.mx\/wp\/wp-content\/uploads\/2019\/06\/frank-08-125x125.png 125w\" sizes=\"auto, (max-width: 139px) 100vw, 139px\" \/><\/div><div class=\"vcex-icon-box-text\"><h2 class=\"vcex-icon-box-heading wpex-heading wpex-text-md wpex-mb-10\">609017<\/h2><div class=\"vcex-icon-box-content wpex-last-mb-0 wpex-clr\"><p style=\"text-align: center\">Mediterr\u00e1neo<\/p>\n<\/div><\/div><\/div>[\/vc_column_inner][vc_column_inner width=\u00bb1\/5&#8243;]<div class=\"vcex-module vcex-icon-box vcex-icon-box-two wpex-block wpex-text-center\"><div class=\"vcex-icon-box-symbol vcex-icon-box-symbol--image wpex-mb-20\"><img width=\"139\" height=\"140\" src=\"https:\/\/tedem.com.mx\/wp\/wp-content\/uploads\/2019\/06\/frank-09.png\" class=\"vcex-icon-box-image wpex-align-middle\" alt=\"\" loading=\"lazy\" decoding=\"async\" srcset=\"https:\/\/tedem.com.mx\/wp\/wp-content\/uploads\/2019\/06\/frank-09.png 139w, https:\/\/tedem.com.mx\/wp\/wp-content\/uploads\/2019\/06\/frank-09-100x100.png 100w\" sizes=\"auto, (max-width: 139px) 100vw, 139px\" \/><\/div><div class=\"vcex-icon-box-text\"><h2 class=\"vcex-icon-box-heading wpex-heading wpex-text-md wpex-mb-10\">609039<\/h2><div class=\"vcex-icon-box-content wpex-last-mb-0 wpex-clr\"><p style=\"text-align: center\">Bugambilia<\/p>\n<\/div><\/div><\/div>[\/vc_column_inner][vc_column_inner width=\u00bb1\/5&#8243;]<div class=\"vcex-module vcex-icon-box vcex-icon-box-two wpex-block wpex-text-center\"><div class=\"vcex-icon-box-symbol vcex-icon-box-symbol--image wpex-mb-20\"><img width=\"139\" height=\"140\" src=\"https:\/\/tedem.com.mx\/wp\/wp-content\/uploads\/2019\/06\/frank-10.png\" class=\"vcex-icon-box-image wpex-align-middle\" alt=\"\" loading=\"lazy\" decoding=\"async\" srcset=\"https:\/\/tedem.com.mx\/wp\/wp-content\/uploads\/2019\/06\/frank-10.png 139w, https:\/\/tedem.com.mx\/wp\/wp-content\/uploads\/2019\/06\/frank-10-100x100.png 100w\" sizes=\"auto, (max-width: 139px) 100vw, 139px\" \/><\/div><div class=\"vcex-icon-box-text\"><h2 class=\"vcex-icon-box-heading wpex-heading wpex-text-md wpex-mb-10\">609020<\/h2><div class=\"vcex-icon-box-content wpex-last-mb-0 wpex-clr\"><p style=\"text-align: center\">Escarlata<\/p>\n<\/div><\/div><\/div>[\/vc_column_inner][\/vc_row_inner][vc_row_inner][vc_column_inner width=\u00bb1\/5&#8243;]<div class=\"vcex-module vcex-icon-box vcex-icon-box-two wpex-block wpex-text-center\"><div class=\"vcex-icon-box-symbol vcex-icon-box-symbol--image wpex-mb-20\"><img width=\"139\" height=\"140\" src=\"https:\/\/tedem.com.mx\/wp\/wp-content\/uploads\/2019\/06\/frank-11.png\" class=\"vcex-icon-box-image wpex-align-middle\" alt=\"\" loading=\"lazy\" decoding=\"async\" srcset=\"https:\/\/tedem.com.mx\/wp\/wp-content\/uploads\/2019\/06\/frank-11.png 139w, https:\/\/tedem.com.mx\/wp\/wp-content\/uploads\/2019\/06\/frank-11-100x100.png 100w\" sizes=\"auto, (max-width: 139px) 100vw, 139px\" \/><\/div><div class=\"vcex-icon-box-text\"><h2 class=\"vcex-icon-box-heading wpex-heading wpex-text-md wpex-mb-10\">609019<\/h2><div class=\"vcex-icon-box-content wpex-last-mb-0 wpex-clr\"><p style=\"text-align: center\">Ladrillo<\/p>\n<\/div><\/div><\/div>[\/vc_column_inner][vc_column_inner width=\u00bb1\/5&#8243;]<div class=\"vcex-module vcex-icon-box vcex-icon-box-two wpex-block wpex-text-center\"><div class=\"vcex-icon-box-symbol vcex-icon-box-symbol--image wpex-mb-20\"><img width=\"139\" height=\"140\" src=\"https:\/\/tedem.com.mx\/wp\/wp-content\/uploads\/2019\/06\/frank-12.png\" class=\"vcex-icon-box-image wpex-align-middle\" alt=\"\" loading=\"lazy\" decoding=\"async\" srcset=\"https:\/\/tedem.com.mx\/wp\/wp-content\/uploads\/2019\/06\/frank-12.png 139w, https:\/\/tedem.com.mx\/wp\/wp-content\/uploads\/2019\/06\/frank-12-100x100.png 100w\" sizes=\"auto, (max-width: 139px) 100vw, 139px\" \/><\/div><div class=\"vcex-icon-box-text\"><h2 class=\"vcex-icon-box-heading wpex-heading wpex-text-md wpex-mb-10\">609022<\/h2><div class=\"vcex-icon-box-content wpex-last-mb-0 wpex-clr\"><p style=\"text-align: center\">Humo<\/p>\n<\/div><\/div><\/div>[\/vc_column_inner][vc_column_inner width=\u00bb1\/5&#8243;]<div class=\"vcex-module vcex-icon-box vcex-icon-box-two wpex-block wpex-text-center\"><div class=\"vcex-icon-box-symbol vcex-icon-box-symbol--image wpex-mb-20\"><img width=\"139\" height=\"140\" src=\"https:\/\/tedem.com.mx\/wp\/wp-content\/uploads\/2019\/06\/frank-13.png\" class=\"vcex-icon-box-image wpex-align-middle\" alt=\"\" loading=\"lazy\" decoding=\"async\" srcset=\"https:\/\/tedem.com.mx\/wp\/wp-content\/uploads\/2019\/06\/frank-13.png 139w, https:\/\/tedem.com.mx\/wp\/wp-content\/uploads\/2019\/06\/frank-13-100x100.png 100w\" sizes=\"auto, (max-width: 139px) 100vw, 139px\" \/><\/div><div class=\"vcex-icon-box-text\"><h2 class=\"vcex-icon-box-heading wpex-heading wpex-text-md wpex-mb-10\">609028<\/h2><div class=\"vcex-icon-box-content wpex-last-mb-0 wpex-clr\"><p style=\"text-align: center\">Tabaco<\/p>\n<\/div><\/div><\/div>[\/vc_column_inner][vc_column_inner width=\u00bb1\/5&#8243;]<div class=\"vcex-module vcex-icon-box vcex-icon-box-two wpex-block wpex-text-center\"><div class=\"vcex-icon-box-symbol vcex-icon-box-symbol--image wpex-mb-20\"><img width=\"139\" height=\"140\" src=\"https:\/\/tedem.com.mx\/wp\/wp-content\/uploads\/2019\/06\/frank-14.png\" class=\"vcex-icon-box-image wpex-align-middle\" alt=\"\" loading=\"lazy\" decoding=\"async\" srcset=\"https:\/\/tedem.com.mx\/wp\/wp-content\/uploads\/2019\/06\/frank-14.png 139w, https:\/\/tedem.com.mx\/wp\/wp-content\/uploads\/2019\/06\/frank-14-100x100.png 100w\" sizes=\"auto, (max-width: 139px) 100vw, 139px\" \/><\/div><div class=\"vcex-icon-box-text\"><h2 class=\"vcex-icon-box-heading wpex-heading wpex-text-md wpex-mb-10\">906031<\/h2><div class=\"vcex-icon-box-content wpex-last-mb-0 wpex-clr\"><p style=\"text-align: center\">Negro<\/p>\n<\/div><\/div><\/div>[\/vc_column_inner][vc_column_inner width=\u00bb1\/5&#8243;][\/vc_column_inner][\/vc_row_inner][\/vc_column][\/vc_row]\n<\/div>","protected":false},"excerpt":{"rendered":"<p style=\"text-align: left;\">Telas vers\u00e1tiles y riqueza de colores. Realce de color y textura de tejido Frank que habr\u00e9 la puerta a dise\u00f1os vanguardistas, ofreciendo espacios de toque innovador.<\/p>\n","protected":false},"featured_media":378,"comment_status":"closed","ping_status":"closed","template":"","meta":[],"product_brand":[],"product_cat":[25],"product_tag":[],"class_list":{"0":"post-370","1":"product","2":"type-product","3":"status-publish","4":"has-post-thumbnail","6":"product_cat-frank","7":"entry","8":"has-media","10":"first","11":"instock","12":"shipping-taxable","13":"product-type-simple"},"_links":{"self":[{"href":"https:\/\/tedem.com.mx\/wp\/index.php?rest_route=\/wp\/v2\/product\/370","targetHints":{"allow":["GET"]}}],"collection":[{"href":"https:\/\/tedem.com.mx\/wp\/index.php?rest_route=\/wp\/v2\/product"}],"about":[{"href":"https:\/\/tedem.com.mx\/wp\/index.php?rest_route=\/wp\/v2\/types\/product"}],"replies":[{"embeddable":true,"href":"https:\/\/tedem.com.mx\/wp\/index.php?rest_route=%2Fwp%2Fv2%2Fcomments&post=370"}],"wp:featuredmedia":[{"embeddable":true,"href":"https:\/\/tedem.com.mx\/wp\/index.php?rest_route=\/wp\/v2\/media\/378"}],"wp:attachment":[{"href":"https:\/\/tedem.com.mx\/wp\/index.php?rest_route=%2Fwp%2Fv2%2Fmedia&parent=370"}],"wp:term":[{"taxonomy":"product_brand","embeddable":true,"href":"https:\/\/tedem.com.mx\/wp\/index.php?rest_route=%2Fwp%2Fv2%2Fproduct_brand&post=370"},{"taxonomy":"product_cat","embeddable":true,"href":"https:\/\/tedem.com.mx\/wp\/index.php?rest_route=%2Fwp%2Fv2%2Fproduct_cat&post=370"},{"taxonomy":"product_tag","embeddable":true,"href":"https:\/\/tedem.com.mx\/wp\/index.php?rest_route=%2Fwp%2Fv2%2Fproduct_tag&post=370"}],"curies":[{"name":"wp","href":"https:\/\/api.w.org\/{rel}","templated":true}]}}