{"id":477,"date":"2019-06-18T14:33:06","date_gmt":"2019-06-18T14:33:06","guid":{"rendered":"http:\/\/tedem.com.mx\/wp\/?post_type=product&#038;p=477"},"modified":"2019-06-18T15:01:05","modified_gmt":"2019-06-18T15:01:05","slug":"jaspe","status":"publish","type":"product","link":"https:\/\/tedem.com.mx\/wp\/?product=jaspe","title":{"rendered":"JASPE"},"content":{"rendered":"<div class=\"wpb-content-wrapper\">[vc_row][vc_column width=\u00bb1\/6&#8243;]<div class=\"vcex-module vcex-icon-box vcex-icon-box-two wpex-block wpex-text-center\"><div class=\"vcex-icon-box-symbol vcex-icon-box-symbol--image wpex-mb-20\"><img width=\"67\" height=\"67\" src=\"https:\/\/tedem.com.mx\/wp\/wp-content\/uploads\/2019\/06\/label2.svg\" class=\"vcex-icon-box-image wpex-align-middle\" alt=\"\" loading=\"lazy\" decoding=\"async\" \/><\/div><div class=\"vcex-icon-box-text\"><h2 class=\"vcex-icon-box-heading wpex-heading wpex-text-md wpex-mb-10\">NOMBRE \/ NAME<\/h2><div class=\"vcex-icon-box-content wpex-last-mb-0 wpex-clr\"><p style=\"text-align: center\">Cha\u00e1k<\/p>\n<\/div><\/div><\/div>[\/vc_column][vc_column width=\u00bb1\/6&#8243;]<div class=\"vcex-module vcex-icon-box vcex-icon-box-two wpex-block wpex-text-center\"><div class=\"vcex-icon-box-symbol vcex-icon-box-symbol--image wpex-mb-20\"><img width=\"67\" height=\"67\" src=\"https:\/\/tedem.com.mx\/wp\/wp-content\/uploads\/2019\/06\/label20.svg\" class=\"vcex-icon-box-image wpex-align-middle\" alt=\"\" loading=\"lazy\" decoding=\"async\" \/><\/div><div class=\"vcex-icon-box-text\"><h2 class=\"vcex-icon-box-heading wpex-heading wpex-text-md wpex-mb-10\">COMPOSICI\u00d3N \/ COMPOSITION<\/h2><div class=\"vcex-icon-box-content wpex-last-mb-0 wpex-clr\"><p style=\"text-align: center\">Algod\u00f3n 100%<br \/>\nCotton 100%<\/p>\n<\/div><\/div><\/div>[\/vc_column][vc_column width=\u00bb1\/6&#8243;]<div class=\"vcex-module vcex-icon-box vcex-icon-box-two wpex-block wpex-text-center\"><div class=\"vcex-icon-box-symbol vcex-icon-box-symbol--image wpex-mb-20\"><img width=\"67\" height=\"67\" src=\"https:\/\/tedem.com.mx\/wp\/wp-content\/uploads\/2019\/06\/label3.svg\" class=\"vcex-icon-box-image wpex-align-middle\" alt=\"\" loading=\"lazy\" decoding=\"async\" \/><\/div><div class=\"vcex-icon-box-text\"><h2 class=\"vcex-icon-box-heading wpex-heading wpex-text-md wpex-mb-10\">ANCHO \/<br \/>\nWIDTH<\/h2><div class=\"vcex-icon-box-content wpex-last-mb-0 wpex-clr\"><p style=\"text-align: center\">140 cm<br \/>\n55 inches<\/p>\n<\/div><\/div><\/div>[\/vc_column][vc_column width=\u00bb1\/6&#8243;]<div class=\"vcex-module vcex-icon-box vcex-icon-box-two wpex-block wpex-text-center\"><div class=\"vcex-icon-box-symbol vcex-icon-box-symbol--image wpex-mb-20\"><img width=\"67\" height=\"67\" src=\"https:\/\/tedem.com.mx\/wp\/wp-content\/uploads\/2019\/06\/label4.svg\" class=\"vcex-icon-box-image wpex-align-middle\" alt=\"\" loading=\"lazy\" decoding=\"async\" \/><\/div><div class=\"vcex-icon-box-text\"><h2 class=\"vcex-icon-box-heading wpex-heading wpex-text-md wpex-mb-10\">PESO \/<br \/>\nWEIGHT<\/h2><div class=\"vcex-icon-box-content wpex-last-mb-0 wpex-clr\"><p style=\"text-align: center\">242 gm<span style=\"font-size: 9px\">2<\/span><br \/>\n7 oz\/yd<span style=\"font-size: 9px\">2<\/span><\/p>\n<\/div><\/div><\/div>[\/vc_column][vc_column width=\u00bb1\/6&#8243;]<div class=\"vcex-module vcex-icon-box vcex-icon-box-two wpex-block wpex-text-center\"><div class=\"vcex-icon-box-symbol vcex-icon-box-symbol--image wpex-mb-20\"><img width=\"67\" height=\"67\" src=\"https:\/\/tedem.com.mx\/wp\/wp-content\/uploads\/2019\/06\/label5.svg\" class=\"vcex-icon-box-image wpex-align-middle\" alt=\"\" loading=\"lazy\" decoding=\"async\" \/><\/div><div class=\"vcex-icon-box-text\"><h2 class=\"vcex-icon-box-heading wpex-heading wpex-text-md wpex-mb-10\">ACABADO \/ FINISHED<\/h2><div class=\"vcex-icon-box-content wpex-last-mb-0 wpex-clr\"><p style=\"text-align: center\">Colores reactivos\u00a0 \/ Reactive colors<br \/>\nRepelente \/ Repellent<\/p>\n<\/div><\/div><\/div>[\/vc_column][vc_column width=\u00bb1\/6&#8243;]<div class=\"vcex-module vcex-icon-box vcex-icon-box-two wpex-block wpex-text-center\"><div class=\"vcex-icon-box-symbol vcex-icon-box-symbol--image wpex-mb-20\"><img width=\"67\" height=\"67\" src=\"https:\/\/tedem.com.mx\/wp\/wp-content\/uploads\/2019\/06\/label6.svg\" class=\"vcex-icon-box-image wpex-align-middle\" alt=\"\" loading=\"lazy\" decoding=\"async\" \/><\/div><div class=\"vcex-icon-box-text\"><h2 class=\"vcex-icon-box-heading wpex-heading wpex-text-md wpex-mb-10\">CUIDADOS \/<br \/>\nFOR CARE<\/h2><div class=\"vcex-icon-box-content wpex-last-mb-0 wpex-clr\"><p><a href=\"http:\/\/tedem.com.mx\/wp\/wp-content\/uploads\/2019\/06\/label11.svg\"><img loading=\"lazy\" class=\"alignnone wp-image-106 aligncenter\" role=\"img\" src=\"http:\/\/tedem.com.mx\/wp\/wp-content\/uploads\/2019\/06\/label11.svg\" alt=\"\" width=\"92\" height=\"40\" \/><\/a><\/p>\n<\/div><\/div><\/div>[\/vc_column][\/vc_row][vc_row][vc_column][vc_row_inner][vc_column_inner width=\u00bb1\/5&#8243;]<div class=\"vcex-module vcex-icon-box vcex-icon-box-two wpex-block wpex-text-center\"><div class=\"vcex-icon-box-symbol vcex-icon-box-symbol--image wpex-mb-20\"><img width=\"139\" height=\"140\" src=\"https:\/\/tedem.com.mx\/wp\/wp-content\/uploads\/2019\/06\/jaspe-01.png\" class=\"vcex-icon-box-image wpex-align-middle\" alt=\"\" loading=\"lazy\" decoding=\"async\" srcset=\"https:\/\/tedem.com.mx\/wp\/wp-content\/uploads\/2019\/06\/jaspe-01.png 139w, https:\/\/tedem.com.mx\/wp\/wp-content\/uploads\/2019\/06\/jaspe-01-100x100.png 100w\" sizes=\"auto, (max-width: 139px) 100vw, 139px\" \/><\/div><div class=\"vcex-icon-box-text\"><h2 class=\"vcex-icon-box-heading wpex-heading wpex-text-md wpex-mb-10\">610017<\/h2><div class=\"vcex-icon-box-content wpex-last-mb-0 wpex-clr\"><p style=\"text-align: center\">Beige<\/p>\n<\/div><\/div><\/div>[\/vc_column_inner][vc_column_inner width=\u00bb1\/5&#8243;]<div class=\"vcex-module vcex-icon-box vcex-icon-box-two wpex-block wpex-text-center\"><div class=\"vcex-icon-box-symbol vcex-icon-box-symbol--image wpex-mb-20\"><img width=\"139\" height=\"140\" src=\"https:\/\/tedem.com.mx\/wp\/wp-content\/uploads\/2019\/06\/jaspe-02.png\" class=\"vcex-icon-box-image wpex-align-middle\" alt=\"\" loading=\"lazy\" decoding=\"async\" srcset=\"https:\/\/tedem.com.mx\/wp\/wp-content\/uploads\/2019\/06\/jaspe-02.png 139w, https:\/\/tedem.com.mx\/wp\/wp-content\/uploads\/2019\/06\/jaspe-02-100x100.png 100w\" sizes=\"auto, (max-width: 139px) 100vw, 139px\" \/><\/div><div class=\"vcex-icon-box-text\"><h2 class=\"vcex-icon-box-heading wpex-heading wpex-text-md wpex-mb-10\">610044<\/h2><div class=\"vcex-icon-box-content wpex-last-mb-0 wpex-clr\"><p style=\"text-align: center\">Coyuche<\/p>\n<\/div><\/div><\/div>[\/vc_column_inner][vc_column_inner width=\u00bb1\/5&#8243;]<div class=\"vcex-module vcex-icon-box vcex-icon-box-two wpex-block wpex-text-center\"><div class=\"vcex-icon-box-symbol vcex-icon-box-symbol--image wpex-mb-20\"><img width=\"139\" height=\"140\" src=\"https:\/\/tedem.com.mx\/wp\/wp-content\/uploads\/2019\/06\/jaspe-03.png\" class=\"vcex-icon-box-image wpex-align-middle\" alt=\"\" loading=\"lazy\" decoding=\"async\" srcset=\"https:\/\/tedem.com.mx\/wp\/wp-content\/uploads\/2019\/06\/jaspe-03.png 139w, https:\/\/tedem.com.mx\/wp\/wp-content\/uploads\/2019\/06\/jaspe-03-100x100.png 100w\" sizes=\"auto, (max-width: 139px) 100vw, 139px\" \/><\/div><div class=\"vcex-icon-box-text\"><h2 class=\"vcex-icon-box-heading wpex-heading wpex-text-md wpex-mb-10\">610018<\/h2><div class=\"vcex-icon-box-content wpex-last-mb-0 wpex-clr\"><p style=\"text-align: center\">Gris C\u00e1lido<\/p>\n<\/div><\/div><\/div>[\/vc_column_inner][vc_column_inner width=\u00bb1\/5&#8243;]<div class=\"vcex-module vcex-icon-box vcex-icon-box-two wpex-block wpex-text-center\"><div class=\"vcex-icon-box-symbol vcex-icon-box-symbol--image wpex-mb-20\"><img width=\"139\" height=\"140\" src=\"https:\/\/tedem.com.mx\/wp\/wp-content\/uploads\/2019\/06\/jaspe-04.png\" class=\"vcex-icon-box-image wpex-align-middle\" alt=\"\" loading=\"lazy\" decoding=\"async\" srcset=\"https:\/\/tedem.com.mx\/wp\/wp-content\/uploads\/2019\/06\/jaspe-04.png 139w, https:\/\/tedem.com.mx\/wp\/wp-content\/uploads\/2019\/06\/jaspe-04-100x100.png 100w\" sizes=\"auto, (max-width: 139px) 100vw, 139px\" \/><\/div><div class=\"vcex-icon-box-text\"><h2 class=\"vcex-icon-box-heading wpex-heading wpex-text-md wpex-mb-10\">610045<\/h2><div class=\"vcex-icon-box-content wpex-last-mb-0 wpex-clr\"><p style=\"text-align: center\">Tierra<\/p>\n<\/div><\/div><\/div>[\/vc_column_inner][vc_column_inner width=\u00bb1\/5&#8243;]<div class=\"vcex-module vcex-icon-box vcex-icon-box-two wpex-block wpex-text-center\"><div class=\"vcex-icon-box-symbol vcex-icon-box-symbol--image wpex-mb-20\"><img width=\"139\" height=\"140\" src=\"https:\/\/tedem.com.mx\/wp\/wp-content\/uploads\/2019\/06\/jaspe-05.png\" class=\"vcex-icon-box-image wpex-align-middle\" alt=\"\" loading=\"lazy\" decoding=\"async\" srcset=\"https:\/\/tedem.com.mx\/wp\/wp-content\/uploads\/2019\/06\/jaspe-05.png 139w, https:\/\/tedem.com.mx\/wp\/wp-content\/uploads\/2019\/06\/jaspe-05-100x100.png 100w\" sizes=\"auto, (max-width: 139px) 100vw, 139px\" \/><\/div><div class=\"vcex-icon-box-text\"><h2 class=\"vcex-icon-box-heading wpex-heading wpex-text-md wpex-mb-10\">610046<\/h2><div class=\"vcex-icon-box-content wpex-last-mb-0 wpex-clr\"><p style=\"text-align: center\">Casta\u00f1a<\/p>\n<\/div><\/div><\/div>[\/vc_column_inner][\/vc_row_inner][vc_row_inner][vc_column_inner width=\u00bb1\/5&#8243;]<div class=\"vcex-module vcex-icon-box vcex-icon-box-two wpex-block wpex-text-center\"><div class=\"vcex-icon-box-symbol vcex-icon-box-symbol--image wpex-mb-20\"><img width=\"139\" height=\"140\" src=\"https:\/\/tedem.com.mx\/wp\/wp-content\/uploads\/2019\/06\/jaspe-06.png\" class=\"vcex-icon-box-image wpex-align-middle\" alt=\"\" loading=\"lazy\" decoding=\"async\" srcset=\"https:\/\/tedem.com.mx\/wp\/wp-content\/uploads\/2019\/06\/jaspe-06.png 139w, https:\/\/tedem.com.mx\/wp\/wp-content\/uploads\/2019\/06\/jaspe-06-100x100.png 100w\" sizes=\"auto, (max-width: 139px) 100vw, 139px\" \/><\/div><div class=\"vcex-icon-box-text\"><h2 class=\"vcex-icon-box-heading wpex-heading wpex-text-md wpex-mb-10\">610050<\/h2><div class=\"vcex-icon-box-content wpex-last-mb-0 wpex-clr\"><p style=\"text-align: center\">Canasta<\/p>\n<\/div><\/div><\/div>[\/vc_column_inner][vc_column_inner width=\u00bb1\/5&#8243;]<div class=\"vcex-module vcex-icon-box vcex-icon-box-two wpex-block wpex-text-center\"><div class=\"vcex-icon-box-symbol vcex-icon-box-symbol--image wpex-mb-20\"><img width=\"139\" height=\"140\" src=\"https:\/\/tedem.com.mx\/wp\/wp-content\/uploads\/2019\/06\/jaspe-07.png\" class=\"vcex-icon-box-image wpex-align-middle\" alt=\"\" loading=\"lazy\" decoding=\"async\" srcset=\"https:\/\/tedem.com.mx\/wp\/wp-content\/uploads\/2019\/06\/jaspe-07.png 139w, https:\/\/tedem.com.mx\/wp\/wp-content\/uploads\/2019\/06\/jaspe-07-100x100.png 100w\" sizes=\"auto, (max-width: 139px) 100vw, 139px\" \/><\/div><div class=\"vcex-icon-box-text\"><h2 class=\"vcex-icon-box-heading wpex-heading wpex-text-md wpex-mb-10\">610049<\/h2><div class=\"vcex-icon-box-content wpex-last-mb-0 wpex-clr\"><p style=\"text-align: center\">Camello<\/p>\n<\/div><\/div><\/div>[\/vc_column_inner][vc_column_inner width=\u00bb1\/5&#8243;]<div class=\"vcex-module vcex-icon-box vcex-icon-box-two wpex-block wpex-text-center\"><div class=\"vcex-icon-box-symbol vcex-icon-box-symbol--image wpex-mb-20\"><img width=\"139\" height=\"140\" src=\"https:\/\/tedem.com.mx\/wp\/wp-content\/uploads\/2019\/06\/jaspe-08.png\" class=\"vcex-icon-box-image wpex-align-middle\" alt=\"\" loading=\"lazy\" decoding=\"async\" srcset=\"https:\/\/tedem.com.mx\/wp\/wp-content\/uploads\/2019\/06\/jaspe-08.png 139w, https:\/\/tedem.com.mx\/wp\/wp-content\/uploads\/2019\/06\/jaspe-08-100x100.png 100w\" sizes=\"auto, (max-width: 139px) 100vw, 139px\" \/><\/div><div class=\"vcex-icon-box-text\"><h2 class=\"vcex-icon-box-heading wpex-heading wpex-text-md wpex-mb-10\">610015<\/h2><div class=\"vcex-icon-box-content wpex-last-mb-0 wpex-clr\"><p style=\"text-align: center\">Amarillo<\/p>\n<\/div><\/div><\/div>[\/vc_column_inner][vc_column_inner width=\u00bb1\/5&#8243;]<div class=\"vcex-module vcex-icon-box vcex-icon-box-two wpex-block wpex-text-center\"><div class=\"vcex-icon-box-symbol vcex-icon-box-symbol--image wpex-mb-20\"><img width=\"139\" height=\"140\" src=\"https:\/\/tedem.com.mx\/wp\/wp-content\/uploads\/2019\/06\/jaspe-09.png\" class=\"vcex-icon-box-image wpex-align-middle\" alt=\"\" loading=\"lazy\" decoding=\"async\" srcset=\"https:\/\/tedem.com.mx\/wp\/wp-content\/uploads\/2019\/06\/jaspe-09.png 139w, https:\/\/tedem.com.mx\/wp\/wp-content\/uploads\/2019\/06\/jaspe-09-100x100.png 100w\" sizes=\"auto, (max-width: 139px) 100vw, 139px\" \/><\/div><div class=\"vcex-icon-box-text\"><h2 class=\"vcex-icon-box-heading wpex-heading wpex-text-md wpex-mb-10\">610016<\/h2><div class=\"vcex-icon-box-content wpex-last-mb-0 wpex-clr\"><p style=\"text-align: center\">Mostaza<\/p>\n<\/div><\/div><\/div>[\/vc_column_inner][vc_column_inner width=\u00bb1\/5&#8243;]<div class=\"vcex-module vcex-icon-box vcex-icon-box-two wpex-block wpex-text-center\"><div class=\"vcex-icon-box-symbol vcex-icon-box-symbol--image wpex-mb-20\"><img width=\"139\" height=\"140\" src=\"https:\/\/tedem.com.mx\/wp\/wp-content\/uploads\/2019\/06\/jaspe-10.png\" class=\"vcex-icon-box-image wpex-align-middle\" alt=\"\" loading=\"lazy\" decoding=\"async\" srcset=\"https:\/\/tedem.com.mx\/wp\/wp-content\/uploads\/2019\/06\/jaspe-10.png 139w, https:\/\/tedem.com.mx\/wp\/wp-content\/uploads\/2019\/06\/jaspe-10-100x100.png 100w\" sizes=\"auto, (max-width: 139px) 100vw, 139px\" \/><\/div><div class=\"vcex-icon-box-text\"><h2 class=\"vcex-icon-box-heading wpex-heading wpex-text-md wpex-mb-10\">610019<\/h2><div class=\"vcex-icon-box-content wpex-last-mb-0 wpex-clr\"><p style=\"text-align: center\">Naranja<\/p>\n<\/div><\/div><\/div>[\/vc_column_inner][\/vc_row_inner][vc_row_inner][vc_column_inner width=\u00bb1\/5&#8243;]<div class=\"vcex-module vcex-icon-box vcex-icon-box-two wpex-block wpex-text-center\"><div class=\"vcex-icon-box-symbol vcex-icon-box-symbol--image wpex-mb-20\"><img width=\"139\" height=\"140\" src=\"https:\/\/tedem.com.mx\/wp\/wp-content\/uploads\/2019\/06\/jaspe-11.png\" class=\"vcex-icon-box-image wpex-align-middle\" alt=\"\" loading=\"lazy\" decoding=\"async\" srcset=\"https:\/\/tedem.com.mx\/wp\/wp-content\/uploads\/2019\/06\/jaspe-11.png 139w, https:\/\/tedem.com.mx\/wp\/wp-content\/uploads\/2019\/06\/jaspe-11-100x100.png 100w\" sizes=\"auto, (max-width: 139px) 100vw, 139px\" \/><\/div><div class=\"vcex-icon-box-text\"><h2 class=\"vcex-icon-box-heading wpex-heading wpex-text-md wpex-mb-10\">610048<\/h2><div class=\"vcex-icon-box-content wpex-last-mb-0 wpex-clr\"><p style=\"text-align: center\">Arcilla<\/p>\n<\/div><\/div><\/div>[\/vc_column_inner][vc_column_inner width=\u00bb1\/5&#8243;]<div class=\"vcex-module vcex-icon-box vcex-icon-box-two wpex-block wpex-text-center\"><div class=\"vcex-icon-box-symbol vcex-icon-box-symbol--image wpex-mb-20\"><img width=\"139\" height=\"140\" src=\"https:\/\/tedem.com.mx\/wp\/wp-content\/uploads\/2019\/06\/jaspe-12.png\" class=\"vcex-icon-box-image wpex-align-middle\" alt=\"\" loading=\"lazy\" decoding=\"async\" srcset=\"https:\/\/tedem.com.mx\/wp\/wp-content\/uploads\/2019\/06\/jaspe-12.png 139w, https:\/\/tedem.com.mx\/wp\/wp-content\/uploads\/2019\/06\/jaspe-12-100x100.png 100w\" sizes=\"auto, (max-width: 139px) 100vw, 139px\" \/><\/div><div class=\"vcex-icon-box-text\"><h2 class=\"vcex-icon-box-heading wpex-heading wpex-text-md wpex-mb-10\">610021<\/h2><div class=\"vcex-icon-box-content wpex-last-mb-0 wpex-clr\"><p style=\"text-align: center\">Coral<\/p>\n<\/div><\/div><\/div>[\/vc_column_inner][vc_column_inner width=\u00bb1\/5&#8243;]<div class=\"vcex-module vcex-icon-box vcex-icon-box-two wpex-block wpex-text-center\"><div class=\"vcex-icon-box-symbol vcex-icon-box-symbol--image wpex-mb-20\"><img width=\"139\" height=\"140\" src=\"https:\/\/tedem.com.mx\/wp\/wp-content\/uploads\/2019\/06\/jaspe-13.png\" class=\"vcex-icon-box-image wpex-align-middle\" alt=\"\" loading=\"lazy\" decoding=\"async\" srcset=\"https:\/\/tedem.com.mx\/wp\/wp-content\/uploads\/2019\/06\/jaspe-13.png 139w, https:\/\/tedem.com.mx\/wp\/wp-content\/uploads\/2019\/06\/jaspe-13-100x100.png 100w\" sizes=\"auto, (max-width: 139px) 100vw, 139px\" \/><\/div><div class=\"vcex-icon-box-text\"><h2 class=\"vcex-icon-box-heading wpex-heading wpex-text-md wpex-mb-10\">610020<\/h2><div class=\"vcex-icon-box-content wpex-last-mb-0 wpex-clr\"><p style=\"text-align: center\">Escarlata<\/p>\n<\/div><\/div><\/div>[\/vc_column_inner][vc_column_inner width=\u00bb1\/5&#8243;]<div class=\"vcex-module vcex-icon-box vcex-icon-box-two wpex-block wpex-text-center\"><div class=\"vcex-icon-box-symbol vcex-icon-box-symbol--image wpex-mb-20\"><img width=\"139\" height=\"140\" src=\"https:\/\/tedem.com.mx\/wp\/wp-content\/uploads\/2019\/06\/jaspe-14.png\" class=\"vcex-icon-box-image wpex-align-middle\" alt=\"\" loading=\"lazy\" decoding=\"async\" srcset=\"https:\/\/tedem.com.mx\/wp\/wp-content\/uploads\/2019\/06\/jaspe-14.png 139w, https:\/\/tedem.com.mx\/wp\/wp-content\/uploads\/2019\/06\/jaspe-14-100x100.png 100w\" sizes=\"auto, (max-width: 139px) 100vw, 139px\" \/><\/div><div class=\"vcex-icon-box-text\"><h2 class=\"vcex-icon-box-heading wpex-heading wpex-text-md wpex-mb-10\">610047<\/h2><div class=\"vcex-icon-box-content wpex-last-mb-0 wpex-clr\"><p style=\"text-align: center\">Frambuesa<\/p>\n<\/div><\/div><\/div>[\/vc_column_inner][vc_column_inner width=\u00bb1\/5&#8243;]<div class=\"vcex-module vcex-icon-box vcex-icon-box-two wpex-block wpex-text-center\"><div class=\"vcex-icon-box-symbol vcex-icon-box-symbol--image wpex-mb-20\"><img width=\"139\" height=\"140\" src=\"https:\/\/tedem.com.mx\/wp\/wp-content\/uploads\/2019\/06\/jaspe-15.png\" class=\"vcex-icon-box-image wpex-align-middle\" alt=\"\" loading=\"lazy\" decoding=\"async\" srcset=\"https:\/\/tedem.com.mx\/wp\/wp-content\/uploads\/2019\/06\/jaspe-15.png 139w, https:\/\/tedem.com.mx\/wp\/wp-content\/uploads\/2019\/06\/jaspe-15-100x100.png 100w\" sizes=\"auto, (max-width: 139px) 100vw, 139px\" \/><\/div><div class=\"vcex-icon-box-text\"><h2 class=\"vcex-icon-box-heading wpex-heading wpex-text-md wpex-mb-10\">610052<\/h2><div class=\"vcex-icon-box-content wpex-last-mb-0 wpex-clr\"><p style=\"text-align: center\">Mare<\/p>\n<\/div><\/div><\/div>[\/vc_column_inner][\/vc_row_inner][vc_row_inner][vc_column_inner width=\u00bb1\/5&#8243;]<div class=\"vcex-module vcex-icon-box vcex-icon-box-two wpex-block wpex-text-center\"><div class=\"vcex-icon-box-symbol vcex-icon-box-symbol--image wpex-mb-20\"><img width=\"139\" height=\"140\" src=\"https:\/\/tedem.com.mx\/wp\/wp-content\/uploads\/2019\/06\/jaspe-16.png\" class=\"vcex-icon-box-image wpex-align-middle\" alt=\"\" loading=\"lazy\" decoding=\"async\" srcset=\"https:\/\/tedem.com.mx\/wp\/wp-content\/uploads\/2019\/06\/jaspe-16.png 139w, https:\/\/tedem.com.mx\/wp\/wp-content\/uploads\/2019\/06\/jaspe-16-100x100.png 100w\" sizes=\"auto, (max-width: 139px) 100vw, 139px\" \/><\/div><div class=\"vcex-icon-box-text\"><h2 class=\"vcex-icon-box-heading wpex-heading wpex-text-md wpex-mb-10\">610053<\/h2><div class=\"vcex-icon-box-content wpex-last-mb-0 wpex-clr\"><p style=\"text-align: center\">A\u00f1il<\/p>\n<\/div><\/div><\/div>[\/vc_column_inner][vc_column_inner width=\u00bb1\/5&#8243;]<div class=\"vcex-module vcex-icon-box vcex-icon-box-two wpex-block wpex-text-center\"><div class=\"vcex-icon-box-symbol vcex-icon-box-symbol--image wpex-mb-20\"><img width=\"139\" height=\"140\" src=\"https:\/\/tedem.com.mx\/wp\/wp-content\/uploads\/2019\/06\/jaspe-17.png\" class=\"vcex-icon-box-image wpex-align-middle\" alt=\"\" loading=\"lazy\" decoding=\"async\" srcset=\"https:\/\/tedem.com.mx\/wp\/wp-content\/uploads\/2019\/06\/jaspe-17.png 139w, https:\/\/tedem.com.mx\/wp\/wp-content\/uploads\/2019\/06\/jaspe-17-100x100.png 100w\" sizes=\"auto, (max-width: 139px) 100vw, 139px\" \/><\/div><div class=\"vcex-icon-box-text\"><h2 class=\"vcex-icon-box-heading wpex-heading wpex-text-md wpex-mb-10\">610025<\/h2><div class=\"vcex-icon-box-content wpex-last-mb-0 wpex-clr\"><p style=\"text-align: center\">Azul Mediterr\u00e1neo<\/p>\n<\/div><\/div><\/div>[\/vc_column_inner][vc_column_inner width=\u00bb1\/5&#8243;]<div class=\"vcex-module vcex-icon-box vcex-icon-box-two wpex-block wpex-text-center\"><div class=\"vcex-icon-box-symbol vcex-icon-box-symbol--image wpex-mb-20\"><img width=\"139\" height=\"140\" src=\"https:\/\/tedem.com.mx\/wp\/wp-content\/uploads\/2019\/06\/jaspe-18.png\" class=\"vcex-icon-box-image wpex-align-middle\" alt=\"\" loading=\"lazy\" decoding=\"async\" srcset=\"https:\/\/tedem.com.mx\/wp\/wp-content\/uploads\/2019\/06\/jaspe-18.png 139w, https:\/\/tedem.com.mx\/wp\/wp-content\/uploads\/2019\/06\/jaspe-18-100x100.png 100w\" sizes=\"auto, (max-width: 139px) 100vw, 139px\" \/><\/div><div class=\"vcex-icon-box-text\"><h2 class=\"vcex-icon-box-heading wpex-heading wpex-text-md wpex-mb-10\">610051<\/h2><div class=\"vcex-icon-box-content wpex-last-mb-0 wpex-clr\"><p style=\"text-align: center\">Riviera<\/p>\n<\/div><\/div><\/div>[\/vc_column_inner][vc_column_inner width=\u00bb1\/5&#8243;]<div class=\"vcex-module vcex-icon-box vcex-icon-box-two wpex-block wpex-text-center\"><div class=\"vcex-icon-box-symbol vcex-icon-box-symbol--image wpex-mb-20\"><img width=\"139\" height=\"140\" src=\"https:\/\/tedem.com.mx\/wp\/wp-content\/uploads\/2019\/06\/jaspe-19.png\" class=\"vcex-icon-box-image wpex-align-middle\" alt=\"\" loading=\"lazy\" decoding=\"async\" srcset=\"https:\/\/tedem.com.mx\/wp\/wp-content\/uploads\/2019\/06\/jaspe-19.png 139w, https:\/\/tedem.com.mx\/wp\/wp-content\/uploads\/2019\/06\/jaspe-19-100x100.png 100w\" sizes=\"auto, (max-width: 139px) 100vw, 139px\" \/><\/div><div class=\"vcex-icon-box-text\"><h2 class=\"vcex-icon-box-heading wpex-heading wpex-text-md wpex-mb-10\">610026<\/h2><div class=\"vcex-icon-box-content wpex-last-mb-0 wpex-clr\"><p style=\"text-align: center\">Turquesa<\/p>\n<\/div><\/div><\/div>[\/vc_column_inner][vc_column_inner width=\u00bb1\/5&#8243;]<div class=\"vcex-module vcex-icon-box vcex-icon-box-two wpex-block wpex-text-center\"><div class=\"vcex-icon-box-symbol vcex-icon-box-symbol--image wpex-mb-20\"><img width=\"139\" height=\"140\" src=\"https:\/\/tedem.com.mx\/wp\/wp-content\/uploads\/2019\/06\/jaspe-20.png\" class=\"vcex-icon-box-image wpex-align-middle\" alt=\"\" loading=\"lazy\" decoding=\"async\" srcset=\"https:\/\/tedem.com.mx\/wp\/wp-content\/uploads\/2019\/06\/jaspe-20.png 139w, https:\/\/tedem.com.mx\/wp\/wp-content\/uploads\/2019\/06\/jaspe-20-100x100.png 100w\" sizes=\"auto, (max-width: 139px) 100vw, 139px\" \/><\/div><div class=\"vcex-icon-box-text\"><h2 class=\"vcex-icon-box-heading wpex-heading wpex-text-md wpex-mb-10\">610023<\/h2><div class=\"vcex-icon-box-content wpex-last-mb-0 wpex-clr\"><p style=\"text-align: center\">Amarillo Verde<\/p>\n<\/div><\/div><\/div>[\/vc_column_inner][\/vc_row_inner][vc_row_inner][vc_column_inner width=\u00bb1\/5&#8243;]<div class=\"vcex-module vcex-icon-box vcex-icon-box-two wpex-block wpex-text-center\"><div class=\"vcex-icon-box-symbol vcex-icon-box-symbol--image wpex-mb-20\"><img width=\"139\" height=\"140\" src=\"https:\/\/tedem.com.mx\/wp\/wp-content\/uploads\/2019\/06\/jaspe-21.png\" class=\"vcex-icon-box-image wpex-align-middle\" alt=\"\" loading=\"lazy\" decoding=\"async\" srcset=\"https:\/\/tedem.com.mx\/wp\/wp-content\/uploads\/2019\/06\/jaspe-21.png 139w, https:\/\/tedem.com.mx\/wp\/wp-content\/uploads\/2019\/06\/jaspe-21-100x100.png 100w\" sizes=\"auto, (max-width: 139px) 100vw, 139px\" \/><\/div><div class=\"vcex-icon-box-text\"><h2 class=\"vcex-icon-box-heading wpex-heading wpex-text-md wpex-mb-10\">610024<\/h2><div class=\"vcex-icon-box-content wpex-last-mb-0 wpex-clr\"><p style=\"text-align: center\">Verde Pasto<\/p>\n<\/div><\/div><\/div>[\/vc_column_inner][vc_column_inner width=\u00bb1\/5&#8243;]<div class=\"vcex-module vcex-icon-box vcex-icon-box-two wpex-block wpex-text-center\"><div class=\"vcex-icon-box-symbol vcex-icon-box-symbol--image wpex-mb-20\"><img width=\"139\" height=\"140\" src=\"https:\/\/tedem.com.mx\/wp\/wp-content\/uploads\/2019\/06\/jaspe-22.png\" class=\"vcex-icon-box-image wpex-align-middle\" alt=\"\" loading=\"lazy\" decoding=\"async\" srcset=\"https:\/\/tedem.com.mx\/wp\/wp-content\/uploads\/2019\/06\/jaspe-22.png 139w, https:\/\/tedem.com.mx\/wp\/wp-content\/uploads\/2019\/06\/jaspe-22-100x100.png 100w, https:\/\/tedem.com.mx\/wp\/wp-content\/uploads\/2019\/06\/jaspe-22-125x125.png 125w\" sizes=\"auto, (max-width: 139px) 100vw, 139px\" \/><\/div><div class=\"vcex-icon-box-text\"><h2 class=\"vcex-icon-box-heading wpex-heading wpex-text-md wpex-mb-10\">610022<\/h2><div class=\"vcex-icon-box-content wpex-last-mb-0 wpex-clr\"><p style=\"text-align: center\">Petrol<\/p>\n<\/div><\/div><\/div>[\/vc_column_inner][vc_column_inner width=\u00bb1\/5&#8243;][\/vc_column_inner][vc_column_inner width=\u00bb1\/5&#8243;][\/vc_column_inner][vc_column_inner width=\u00bb1\/5&#8243;][\/vc_column_inner][\/vc_row_inner][\/vc_column][\/vc_row]\n<\/div>","protected":false},"excerpt":{"rendered":"<p style=\"text-align: left;\">Tela dise\u00f1ada con mezcla de algod\u00f3n y acr\u00edlico, ofrece gran resistencia, versatilidad y durabilidad. El tejido de esta tela, permite apreciar la combinaci\u00f3n de cada uno de los hilados utilizados en su dise\u00f1o.<\/p>\n","protected":false},"featured_media":499,"comment_status":"closed","ping_status":"closed","template":"","meta":[],"product_brand":[],"product_cat":[29],"product_tag":[],"class_list":{"0":"post-477","1":"product","2":"type-product","3":"status-publish","4":"has-post-thumbnail","6":"product_cat-jaspe","7":"entry","8":"has-media","10":"first","11":"instock","12":"shipping-taxable","13":"product-type-simple"},"_links":{"self":[{"href":"https:\/\/tedem.com.mx\/wp\/index.php?rest_route=\/wp\/v2\/product\/477","targetHints":{"allow":["GET"]}}],"collection":[{"href":"https:\/\/tedem.com.mx\/wp\/index.php?rest_route=\/wp\/v2\/product"}],"about":[{"href":"https:\/\/tedem.com.mx\/wp\/index.php?rest_route=\/wp\/v2\/types\/product"}],"replies":[{"embeddable":true,"href":"https:\/\/tedem.com.mx\/wp\/index.php?rest_route=%2Fwp%2Fv2%2Fcomments&post=477"}],"wp:featuredmedia":[{"embeddable":true,"href":"https:\/\/tedem.com.mx\/wp\/index.php?rest_route=\/wp\/v2\/media\/499"}],"wp:attachment":[{"href":"https:\/\/tedem.com.mx\/wp\/index.php?rest_route=%2Fwp%2Fv2%2Fmedia&parent=477"}],"wp:term":[{"taxonomy":"product_brand","embeddable":true,"href":"https:\/\/tedem.com.mx\/wp\/index.php?rest_route=%2Fwp%2Fv2%2Fproduct_brand&post=477"},{"taxonomy":"product_cat","embeddable":true,"href":"https:\/\/tedem.com.mx\/wp\/index.php?rest_route=%2Fwp%2Fv2%2Fproduct_cat&post=477"},{"taxonomy":"product_tag","embeddable":true,"href":"https:\/\/tedem.com.mx\/wp\/index.php?rest_route=%2Fwp%2Fv2%2Fproduct_tag&post=477"}],"curies":[{"name":"wp","href":"https:\/\/api.w.org\/{rel}","templated":true}]}}