{"id":649,"date":"2019-06-20T17:46:31","date_gmt":"2019-06-20T17:46:31","guid":{"rendered":"http:\/\/tedem.com.mx\/wp\/?post_type=product&#038;p=649"},"modified":"2019-06-20T18:08:40","modified_gmt":"2019-06-20T18:08:40","slug":"lamat","status":"publish","type":"product","link":"https:\/\/tedem.com.mx\/wp\/?product=lamat","title":{"rendered":"LAMAT"},"content":{"rendered":"<div class=\"wpb-content-wrapper\">[vc_row][vc_column width=\u00bb1\/6&#8243;]<div class=\"vcex-module vcex-icon-box vcex-icon-box-two wpex-block wpex-text-center\"><div class=\"vcex-icon-box-symbol vcex-icon-box-symbol--image wpex-mb-20\"><img width=\"67\" height=\"67\" src=\"https:\/\/tedem.com.mx\/wp\/wp-content\/uploads\/2019\/06\/label2.svg\" class=\"vcex-icon-box-image wpex-align-middle\" alt=\"\" loading=\"lazy\" decoding=\"async\" \/><\/div><div class=\"vcex-icon-box-text\"><h2 class=\"vcex-icon-box-heading wpex-heading wpex-text-md wpex-mb-10\">NOMBRE \/ NAME<\/h2><div class=\"vcex-icon-box-content wpex-last-mb-0 wpex-clr\"><p style=\"text-align: center\">Lamat<\/p>\n<\/div><\/div><\/div>[\/vc_column][vc_column width=\u00bb1\/6&#8243;]<div class=\"vcex-module vcex-icon-box vcex-icon-box-two wpex-block wpex-text-center\"><div class=\"vcex-icon-box-symbol vcex-icon-box-symbol--image wpex-mb-20\"><img width=\"67\" height=\"67\" src=\"https:\/\/tedem.com.mx\/wp\/wp-content\/uploads\/2019\/06\/label20.svg\" class=\"vcex-icon-box-image wpex-align-middle\" alt=\"\" loading=\"lazy\" decoding=\"async\" \/><\/div><div class=\"vcex-icon-box-text\"><h2 class=\"vcex-icon-box-heading wpex-heading wpex-text-md wpex-mb-10\">COMPOSICI\u00d3N \/ COMPOSITION<\/h2><div class=\"vcex-icon-box-content wpex-last-mb-0 wpex-clr\"><p style=\"text-align: center\">Algod\u00f3n 100%<br \/>\nCotton 100%<\/p>\n<\/div><\/div><\/div>[\/vc_column][vc_column width=\u00bb1\/6&#8243;]<div class=\"vcex-module vcex-icon-box vcex-icon-box-two wpex-block wpex-text-center\"><div class=\"vcex-icon-box-symbol vcex-icon-box-symbol--image wpex-mb-20\"><img width=\"67\" height=\"67\" src=\"https:\/\/tedem.com.mx\/wp\/wp-content\/uploads\/2019\/06\/label3.svg\" class=\"vcex-icon-box-image wpex-align-middle\" alt=\"\" loading=\"lazy\" decoding=\"async\" \/><\/div><div class=\"vcex-icon-box-text\"><h2 class=\"vcex-icon-box-heading wpex-heading wpex-text-md wpex-mb-10\">ANCHO \/<br \/>\nWIDTH<\/h2><div class=\"vcex-icon-box-content wpex-last-mb-0 wpex-clr\"><p style=\"text-align: center\">150 cm<br \/>\n59 inch<\/p>\n<\/div><\/div><\/div>[\/vc_column][vc_column width=\u00bb1\/6&#8243;]<div class=\"vcex-module vcex-icon-box vcex-icon-box-two wpex-block wpex-text-center\"><div class=\"vcex-icon-box-symbol vcex-icon-box-symbol--image wpex-mb-20\"><img width=\"67\" height=\"67\" src=\"https:\/\/tedem.com.mx\/wp\/wp-content\/uploads\/2019\/06\/label4.svg\" class=\"vcex-icon-box-image wpex-align-middle\" alt=\"\" loading=\"lazy\" decoding=\"async\" \/><\/div><div class=\"vcex-icon-box-text\"><h2 class=\"vcex-icon-box-heading wpex-heading wpex-text-md wpex-mb-10\">PESO \/<br \/>\nWEIGHT<\/h2><div class=\"vcex-icon-box-content wpex-last-mb-0 wpex-clr\"><p style=\"text-align: center\">345 gm<span style=\"font-size: 9px\">2<\/span><br \/>\n10 oz\/yd<span style=\"font-size: 9px\">2<\/span><\/p>\n<\/div><\/div><\/div>[\/vc_column][vc_column width=\u00bb1\/6&#8243;]<div class=\"vcex-module vcex-icon-box vcex-icon-box-two wpex-block wpex-text-center\"><div class=\"vcex-icon-box-symbol vcex-icon-box-symbol--image wpex-mb-20\"><img width=\"67\" height=\"67\" src=\"https:\/\/tedem.com.mx\/wp\/wp-content\/uploads\/2019\/06\/label5.svg\" class=\"vcex-icon-box-image wpex-align-middle\" alt=\"\" loading=\"lazy\" decoding=\"async\" \/><\/div><div class=\"vcex-icon-box-text\"><h2 class=\"vcex-icon-box-heading wpex-heading wpex-text-md wpex-mb-10\">ACABADO \/ FINISHED<\/h2><div class=\"vcex-icon-box-content wpex-last-mb-0 wpex-clr\"><p style=\"text-align: center\">Colores reactivos\u00a0 \/ Reactive colors<br \/>\nRepelente \/ Repellent<\/p>\n<\/div><\/div><\/div>[\/vc_column][vc_column width=\u00bb1\/6&#8243;]<div class=\"vcex-module vcex-icon-box vcex-icon-box-two wpex-block wpex-text-center\"><div class=\"vcex-icon-box-symbol vcex-icon-box-symbol--image wpex-mb-20\"><img width=\"67\" height=\"67\" src=\"https:\/\/tedem.com.mx\/wp\/wp-content\/uploads\/2019\/06\/label6.svg\" class=\"vcex-icon-box-image wpex-align-middle\" alt=\"\" loading=\"lazy\" decoding=\"async\" \/><\/div><div class=\"vcex-icon-box-text\"><h2 class=\"vcex-icon-box-heading wpex-heading wpex-text-md wpex-mb-10\">CUIDADOS \/<br \/>\nFOR CARE<\/h2><div class=\"vcex-icon-box-content wpex-last-mb-0 wpex-clr\"><p><a href=\"http:\/\/tedem.com.mx\/wp\/wp-content\/uploads\/2019\/06\/label11.svg\"><img loading=\"lazy\" class=\"alignnone wp-image-106 aligncenter\" role=\"img\" src=\"http:\/\/tedem.com.mx\/wp\/wp-content\/uploads\/2019\/06\/label11.svg\" alt=\"\" width=\"92\" height=\"40\" \/><\/a><\/p>\n<\/div><\/div><\/div>[\/vc_column][\/vc_row][vc_row][vc_column][vc_row_inner][vc_column_inner width=\u00bb1\/5&#8243;]<div class=\"vcex-module vcex-icon-box vcex-icon-box-two wpex-block wpex-text-center\"><div class=\"vcex-icon-box-symbol vcex-icon-box-symbol--image wpex-mb-20\"><img width=\"139\" height=\"140\" src=\"https:\/\/tedem.com.mx\/wp\/wp-content\/uploads\/2019\/06\/lamat-01.png\" class=\"vcex-icon-box-image wpex-align-middle\" alt=\"\" loading=\"lazy\" decoding=\"async\" srcset=\"https:\/\/tedem.com.mx\/wp\/wp-content\/uploads\/2019\/06\/lamat-01.png 139w, https:\/\/tedem.com.mx\/wp\/wp-content\/uploads\/2019\/06\/lamat-01-100x100.png 100w\" sizes=\"auto, (max-width: 139px) 100vw, 139px\" \/><\/div><div class=\"vcex-icon-box-text\"><h2 class=\"vcex-icon-box-heading wpex-heading wpex-text-md wpex-mb-10\">638009<\/h2><div class=\"vcex-icon-box-content wpex-last-mb-0 wpex-clr\"><p style=\"text-align: center\">Natural\/<br \/>\nBeige<\/p>\n<\/div><\/div><\/div>[\/vc_column_inner][vc_column_inner width=\u00bb1\/5&#8243;]<div class=\"vcex-module vcex-icon-box vcex-icon-box-two wpex-block wpex-text-center\"><div class=\"vcex-icon-box-symbol vcex-icon-box-symbol--image wpex-mb-20\"><img width=\"139\" height=\"140\" src=\"https:\/\/tedem.com.mx\/wp\/wp-content\/uploads\/2019\/06\/lamat-02.png\" class=\"vcex-icon-box-image wpex-align-middle\" alt=\"\" loading=\"lazy\" decoding=\"async\" srcset=\"https:\/\/tedem.com.mx\/wp\/wp-content\/uploads\/2019\/06\/lamat-02.png 139w, https:\/\/tedem.com.mx\/wp\/wp-content\/uploads\/2019\/06\/lamat-02-100x100.png 100w\" sizes=\"auto, (max-width: 139px) 100vw, 139px\" \/><\/div><div class=\"vcex-icon-box-text\"><h2 class=\"vcex-icon-box-heading wpex-heading wpex-text-md wpex-mb-10\">638010<\/h2><div class=\"vcex-icon-box-content wpex-last-mb-0 wpex-clr\"><p style=\"text-align: center\">Coyuche \/<br \/>\nBeige<\/p>\n<\/div><\/div><\/div>[\/vc_column_inner][vc_column_inner width=\u00bb1\/5&#8243;]<div class=\"vcex-module vcex-icon-box vcex-icon-box-two wpex-block wpex-text-center\"><div class=\"vcex-icon-box-symbol vcex-icon-box-symbol--image wpex-mb-20\"><img width=\"139\" height=\"140\" src=\"https:\/\/tedem.com.mx\/wp\/wp-content\/uploads\/2019\/06\/lamat-03.png\" class=\"vcex-icon-box-image wpex-align-middle\" alt=\"\" loading=\"lazy\" decoding=\"async\" srcset=\"https:\/\/tedem.com.mx\/wp\/wp-content\/uploads\/2019\/06\/lamat-03.png 139w, https:\/\/tedem.com.mx\/wp\/wp-content\/uploads\/2019\/06\/lamat-03-100x100.png 100w, https:\/\/tedem.com.mx\/wp\/wp-content\/uploads\/2019\/06\/lamat-03-125x125.png 125w\" sizes=\"auto, (max-width: 139px) 100vw, 139px\" \/><\/div><div class=\"vcex-icon-box-text\"><h2 class=\"vcex-icon-box-heading wpex-heading wpex-text-md wpex-mb-10\">638011<\/h2><div class=\"vcex-icon-box-content wpex-last-mb-0 wpex-clr\"><p style=\"text-align: center\">Casta\u00f1a\/<br \/>\nNegro<\/p>\n<\/div><\/div><\/div>[\/vc_column_inner][vc_column_inner width=\u00bb1\/5&#8243;]<div class=\"vcex-module vcex-icon-box vcex-icon-box-two wpex-block wpex-text-center\"><div class=\"vcex-icon-box-symbol vcex-icon-box-symbol--image wpex-mb-20\"><img width=\"139\" height=\"140\" src=\"https:\/\/tedem.com.mx\/wp\/wp-content\/uploads\/2019\/06\/lamat-04.png\" class=\"vcex-icon-box-image wpex-align-middle\" alt=\"\" loading=\"lazy\" decoding=\"async\" srcset=\"https:\/\/tedem.com.mx\/wp\/wp-content\/uploads\/2019\/06\/lamat-04.png 139w, https:\/\/tedem.com.mx\/wp\/wp-content\/uploads\/2019\/06\/lamat-04-100x100.png 100w\" sizes=\"auto, (max-width: 139px) 100vw, 139px\" \/><\/div><div class=\"vcex-icon-box-text\"><h2 class=\"vcex-icon-box-heading wpex-heading wpex-text-md wpex-mb-10\">638012<\/h2><div class=\"vcex-icon-box-content wpex-last-mb-0 wpex-clr\"><p style=\"text-align: center\">Manzanilla \/<br \/>\nBeige<\/p>\n<\/div><\/div><\/div>[\/vc_column_inner][vc_column_inner width=\u00bb1\/5&#8243;]<div class=\"vcex-module vcex-icon-box vcex-icon-box-two wpex-block wpex-text-center\"><div class=\"vcex-icon-box-symbol vcex-icon-box-symbol--image wpex-mb-20\"><img width=\"139\" height=\"140\" src=\"https:\/\/tedem.com.mx\/wp\/wp-content\/uploads\/2019\/06\/lamat-05.png\" class=\"vcex-icon-box-image wpex-align-middle\" alt=\"\" loading=\"lazy\" decoding=\"async\" srcset=\"https:\/\/tedem.com.mx\/wp\/wp-content\/uploads\/2019\/06\/lamat-05.png 139w, https:\/\/tedem.com.mx\/wp\/wp-content\/uploads\/2019\/06\/lamat-05-100x100.png 100w\" sizes=\"auto, (max-width: 139px) 100vw, 139px\" \/><\/div><div class=\"vcex-icon-box-text\"><h2 class=\"vcex-icon-box-heading wpex-heading wpex-text-md wpex-mb-10\">638013<\/h2><div class=\"vcex-icon-box-content wpex-last-mb-0 wpex-clr\"><p style=\"text-align: center\">Verde Campestre \/<br \/>\nBeige<\/p>\n<\/div><\/div><\/div>[\/vc_column_inner][\/vc_row_inner][vc_row_inner][vc_column_inner width=\u00bb1\/5&#8243;]<div class=\"vcex-module vcex-icon-box vcex-icon-box-two wpex-block wpex-text-center\"><div class=\"vcex-icon-box-symbol vcex-icon-box-symbol--image wpex-mb-20\"><img width=\"139\" height=\"140\" src=\"https:\/\/tedem.com.mx\/wp\/wp-content\/uploads\/2019\/06\/lamat-06.png\" class=\"vcex-icon-box-image wpex-align-middle\" alt=\"\" loading=\"lazy\" decoding=\"async\" srcset=\"https:\/\/tedem.com.mx\/wp\/wp-content\/uploads\/2019\/06\/lamat-06.png 139w, https:\/\/tedem.com.mx\/wp\/wp-content\/uploads\/2019\/06\/lamat-06-100x100.png 100w\" sizes=\"auto, (max-width: 139px) 100vw, 139px\" \/><\/div><div class=\"vcex-icon-box-text\"><h2 class=\"vcex-icon-box-heading wpex-heading wpex-text-md wpex-mb-10\">638014<\/h2><div class=\"vcex-icon-box-content wpex-last-mb-0 wpex-clr\"><p style=\"text-align: center\">Kiwi \/<br \/>\nBeige<\/p>\n<\/div><\/div><\/div>[\/vc_column_inner][vc_column_inner width=\u00bb1\/5&#8243;]<div class=\"vcex-module vcex-icon-box vcex-icon-box-two wpex-block wpex-text-center\"><div class=\"vcex-icon-box-symbol vcex-icon-box-symbol--image wpex-mb-20\"><img width=\"139\" height=\"140\" src=\"https:\/\/tedem.com.mx\/wp\/wp-content\/uploads\/2019\/06\/lamat-07.png\" class=\"vcex-icon-box-image wpex-align-middle\" alt=\"\" loading=\"lazy\" decoding=\"async\" srcset=\"https:\/\/tedem.com.mx\/wp\/wp-content\/uploads\/2019\/06\/lamat-07.png 139w, https:\/\/tedem.com.mx\/wp\/wp-content\/uploads\/2019\/06\/lamat-07-100x100.png 100w\" sizes=\"auto, (max-width: 139px) 100vw, 139px\" \/><\/div><div class=\"vcex-icon-box-text\"><h2 class=\"vcex-icon-box-heading wpex-heading wpex-text-md wpex-mb-10\">638015<\/h2><div class=\"vcex-icon-box-content wpex-last-mb-0 wpex-clr\"><p style=\"text-align: center\">Coral Soleado \/<br \/>\nBeige<\/p>\n<\/div><\/div><\/div>[\/vc_column_inner][vc_column_inner width=\u00bb1\/5&#8243;]<div class=\"vcex-module vcex-icon-box vcex-icon-box-two wpex-block wpex-text-center\"><div class=\"vcex-icon-box-symbol vcex-icon-box-symbol--image wpex-mb-20\"><img width=\"139\" height=\"140\" src=\"https:\/\/tedem.com.mx\/wp\/wp-content\/uploads\/2019\/06\/lamat-08.png\" class=\"vcex-icon-box-image wpex-align-middle\" alt=\"\" loading=\"lazy\" decoding=\"async\" srcset=\"https:\/\/tedem.com.mx\/wp\/wp-content\/uploads\/2019\/06\/lamat-08.png 139w, https:\/\/tedem.com.mx\/wp\/wp-content\/uploads\/2019\/06\/lamat-08-100x100.png 100w\" sizes=\"auto, (max-width: 139px) 100vw, 139px\" \/><\/div><div class=\"vcex-icon-box-text\"><h2 class=\"vcex-icon-box-heading wpex-heading wpex-text-md wpex-mb-10\">638016<\/h2><div class=\"vcex-icon-box-content wpex-last-mb-0 wpex-clr\"><p style=\"text-align: center\">Langosta \/<br \/>\nBeige<\/p>\n<\/div><\/div><\/div>[\/vc_column_inner][vc_column_inner width=\u00bb1\/5&#8243;]<div class=\"vcex-module vcex-icon-box vcex-icon-box-two wpex-block wpex-text-center\"><div class=\"vcex-icon-box-symbol vcex-icon-box-symbol--image wpex-mb-20\"><img width=\"139\" height=\"140\" src=\"https:\/\/tedem.com.mx\/wp\/wp-content\/uploads\/2019\/06\/lamat-09.png\" class=\"vcex-icon-box-image wpex-align-middle\" alt=\"\" loading=\"lazy\" decoding=\"async\" srcset=\"https:\/\/tedem.com.mx\/wp\/wp-content\/uploads\/2019\/06\/lamat-09.png 139w, https:\/\/tedem.com.mx\/wp\/wp-content\/uploads\/2019\/06\/lamat-09-100x100.png 100w\" sizes=\"auto, (max-width: 139px) 100vw, 139px\" \/><\/div><div class=\"vcex-icon-box-text\"><h2 class=\"vcex-icon-box-heading wpex-heading wpex-text-md wpex-mb-10\">638017<\/h2><div class=\"vcex-icon-box-content wpex-last-mb-0 wpex-clr\"><p style=\"text-align: center\">Sand\u00eda \/<br \/>\nBeige<\/p>\n<\/div><\/div><\/div>[\/vc_column_inner][vc_column_inner width=\u00bb1\/5&#8243;]<div class=\"vcex-module vcex-icon-box vcex-icon-box-two wpex-block wpex-text-center\"><div class=\"vcex-icon-box-symbol vcex-icon-box-symbol--image wpex-mb-20\"><img width=\"139\" height=\"140\" src=\"https:\/\/tedem.com.mx\/wp\/wp-content\/uploads\/2019\/06\/lamat-10.png\" class=\"vcex-icon-box-image wpex-align-middle\" alt=\"\" loading=\"lazy\" decoding=\"async\" srcset=\"https:\/\/tedem.com.mx\/wp\/wp-content\/uploads\/2019\/06\/lamat-10.png 139w, https:\/\/tedem.com.mx\/wp\/wp-content\/uploads\/2019\/06\/lamat-10-100x100.png 100w\" sizes=\"auto, (max-width: 139px) 100vw, 139px\" \/><\/div><div class=\"vcex-icon-box-text\"><h2 class=\"vcex-icon-box-heading wpex-heading wpex-text-md wpex-mb-10\">638018<\/h2><div class=\"vcex-icon-box-content wpex-last-mb-0 wpex-clr\"><p style=\"text-align: center\">Frambuesa \/<br \/>\nBeige<\/p>\n<\/div><\/div><\/div>[\/vc_column_inner][\/vc_row_inner][vc_row_inner][vc_column_inner width=\u00bb1\/5&#8243;]<div class=\"vcex-module vcex-icon-box vcex-icon-box-two wpex-block wpex-text-center\"><div class=\"vcex-icon-box-symbol vcex-icon-box-symbol--image wpex-mb-20\"><img width=\"139\" height=\"140\" src=\"https:\/\/tedem.com.mx\/wp\/wp-content\/uploads\/2019\/06\/lamat-11.png\" class=\"vcex-icon-box-image wpex-align-middle\" alt=\"\" loading=\"lazy\" decoding=\"async\" srcset=\"https:\/\/tedem.com.mx\/wp\/wp-content\/uploads\/2019\/06\/lamat-11.png 139w, https:\/\/tedem.com.mx\/wp\/wp-content\/uploads\/2019\/06\/lamat-11-100x100.png 100w\" sizes=\"auto, (max-width: 139px) 100vw, 139px\" \/><\/div><div class=\"vcex-icon-box-text\"><h2 class=\"vcex-icon-box-heading wpex-heading wpex-text-md wpex-mb-10\">638019<\/h2><div class=\"vcex-icon-box-content wpex-last-mb-0 wpex-clr\"><p style=\"text-align: center\">Bugambilia \/<br \/>\nBeige<\/p>\n<\/div><\/div><\/div>[\/vc_column_inner][vc_column_inner width=\u00bb1\/5&#8243;]<div class=\"vcex-module vcex-icon-box vcex-icon-box-two wpex-block wpex-text-center\"><div class=\"vcex-icon-box-symbol vcex-icon-box-symbol--image wpex-mb-20\"><img width=\"139\" height=\"140\" src=\"https:\/\/tedem.com.mx\/wp\/wp-content\/uploads\/2019\/06\/lamat-12.png\" class=\"vcex-icon-box-image wpex-align-middle\" alt=\"\" loading=\"lazy\" decoding=\"async\" srcset=\"https:\/\/tedem.com.mx\/wp\/wp-content\/uploads\/2019\/06\/lamat-12.png 139w, https:\/\/tedem.com.mx\/wp\/wp-content\/uploads\/2019\/06\/lamat-12-100x100.png 100w\" sizes=\"auto, (max-width: 139px) 100vw, 139px\" \/><\/div><div class=\"vcex-icon-box-text\"><h2 class=\"vcex-icon-box-heading wpex-heading wpex-text-md wpex-mb-10\">638020<\/h2><div class=\"vcex-icon-box-content wpex-last-mb-0 wpex-clr\"><p style=\"text-align: center\">Berenjena \/<br \/>\nBeige<\/p>\n<\/div><\/div><\/div>[\/vc_column_inner][vc_column_inner width=\u00bb1\/5&#8243;]<div class=\"vcex-module vcex-icon-box vcex-icon-box-two wpex-block wpex-text-center\"><div class=\"vcex-icon-box-symbol vcex-icon-box-symbol--image wpex-mb-20\"><img width=\"139\" height=\"140\" src=\"https:\/\/tedem.com.mx\/wp\/wp-content\/uploads\/2019\/06\/lamat-14.png\" class=\"vcex-icon-box-image wpex-align-middle\" alt=\"\" loading=\"lazy\" decoding=\"async\" srcset=\"https:\/\/tedem.com.mx\/wp\/wp-content\/uploads\/2019\/06\/lamat-14.png 139w, https:\/\/tedem.com.mx\/wp\/wp-content\/uploads\/2019\/06\/lamat-14-100x100.png 100w\" sizes=\"auto, (max-width: 139px) 100vw, 139px\" \/><\/div><div class=\"vcex-icon-box-text\"><h2 class=\"vcex-icon-box-heading wpex-heading wpex-text-md wpex-mb-10\">638021<\/h2><div class=\"vcex-icon-box-content wpex-last-mb-0 wpex-clr\"><p style=\"text-align: center\">Cobalto \/<br \/>\nBeige<\/p>\n<\/div><\/div><\/div>[\/vc_column_inner][vc_column_inner width=\u00bb1\/5&#8243;]<div class=\"vcex-module vcex-icon-box vcex-icon-box-two wpex-block wpex-text-center\"><div class=\"vcex-icon-box-symbol vcex-icon-box-symbol--image wpex-mb-20\"><img width=\"139\" height=\"140\" src=\"https:\/\/tedem.com.mx\/wp\/wp-content\/uploads\/2019\/06\/lamat-14.png\" class=\"vcex-icon-box-image wpex-align-middle\" alt=\"\" loading=\"lazy\" decoding=\"async\" srcset=\"https:\/\/tedem.com.mx\/wp\/wp-content\/uploads\/2019\/06\/lamat-14.png 139w, https:\/\/tedem.com.mx\/wp\/wp-content\/uploads\/2019\/06\/lamat-14-100x100.png 100w\" sizes=\"auto, (max-width: 139px) 100vw, 139px\" \/><\/div><div class=\"vcex-icon-box-text\"><h2 class=\"vcex-icon-box-heading wpex-heading wpex-text-md wpex-mb-10\">638022<\/h2><div class=\"vcex-icon-box-content wpex-last-mb-0 wpex-clr\"><p style=\"text-align: center\">Mediterraneo \/<br \/>\nBeige<\/p>\n<\/div><\/div><\/div>[\/vc_column_inner][vc_column_inner width=\u00bb1\/5&#8243;]<div class=\"vcex-module vcex-icon-box vcex-icon-box-two wpex-block wpex-text-center\"><div class=\"vcex-icon-box-symbol vcex-icon-box-symbol--image wpex-mb-20\"><img width=\"139\" height=\"140\" src=\"https:\/\/tedem.com.mx\/wp\/wp-content\/uploads\/2019\/06\/lamat-15.png\" class=\"vcex-icon-box-image wpex-align-middle\" alt=\"\" loading=\"lazy\" decoding=\"async\" srcset=\"https:\/\/tedem.com.mx\/wp\/wp-content\/uploads\/2019\/06\/lamat-15.png 139w, https:\/\/tedem.com.mx\/wp\/wp-content\/uploads\/2019\/06\/lamat-15-100x100.png 100w\" sizes=\"auto, (max-width: 139px) 100vw, 139px\" \/><\/div><div class=\"vcex-icon-box-text\"><h2 class=\"vcex-icon-box-heading wpex-heading wpex-text-md wpex-mb-10\">638023<\/h2><div class=\"vcex-icon-box-content wpex-last-mb-0 wpex-clr\"><p style=\"text-align: center\">Marino \/<br \/>\nNegro<\/p>\n<\/div><\/div><\/div>[\/vc_column_inner][\/vc_row_inner][\/vc_column][\/vc_row]\n<\/div>","protected":false},"excerpt":{"rendered":"<p>Tejido entrelazado que permite apreciar la combinaci\u00f3n del colorido \u00fanico de cada uno de los hilados utilizados en su dise\u00f1o.<\/p>\n","protected":false},"featured_media":652,"comment_status":"closed","ping_status":"closed","template":"","meta":[],"product_brand":[],"product_cat":[35],"product_tag":[],"class_list":{"0":"post-649","1":"product","2":"type-product","3":"status-publish","4":"has-post-thumbnail","6":"product_cat-lamat","7":"entry","8":"has-media","10":"first","11":"instock","12":"shipping-taxable","13":"product-type-simple"},"_links":{"self":[{"href":"https:\/\/tedem.com.mx\/wp\/index.php?rest_route=\/wp\/v2\/product\/649","targetHints":{"allow":["GET"]}}],"collection":[{"href":"https:\/\/tedem.com.mx\/wp\/index.php?rest_route=\/wp\/v2\/product"}],"about":[{"href":"https:\/\/tedem.com.mx\/wp\/index.php?rest_route=\/wp\/v2\/types\/product"}],"replies":[{"embeddable":true,"href":"https:\/\/tedem.com.mx\/wp\/index.php?rest_route=%2Fwp%2Fv2%2Fcomments&post=649"}],"wp:featuredmedia":[{"embeddable":true,"href":"https:\/\/tedem.com.mx\/wp\/index.php?rest_route=\/wp\/v2\/media\/652"}],"wp:attachment":[{"href":"https:\/\/tedem.com.mx\/wp\/index.php?rest_route=%2Fwp%2Fv2%2Fmedia&parent=649"}],"wp:term":[{"taxonomy":"product_brand","embeddable":true,"href":"https:\/\/tedem.com.mx\/wp\/index.php?rest_route=%2Fwp%2Fv2%2Fproduct_brand&post=649"},{"taxonomy":"product_cat","embeddable":true,"href":"https:\/\/tedem.com.mx\/wp\/index.php?rest_route=%2Fwp%2Fv2%2Fproduct_cat&post=649"},{"taxonomy":"product_tag","embeddable":true,"href":"https:\/\/tedem.com.mx\/wp\/index.php?rest_route=%2Fwp%2Fv2%2Fproduct_tag&post=649"}],"curies":[{"name":"wp","href":"https:\/\/api.w.org\/{rel}","templated":true}]}}